{"id":238,"date":"2024-06-24T15:57:51","date_gmt":"2024-06-24T15:57:51","guid":{"rendered":"https:\/\/mark.highsoft.ro\/?page_id=238"},"modified":"2024-06-24T16:12:31","modified_gmt":"2024-06-24T16:12:31","slug":"produse-mark","status":"publish","type":"page","link":"https:\/\/mark.highsoft.ro\/hu\/produse-mark\/","title":{"rendered":"Produse MARK"},"content":{"rendered":"<section class=\"bde-section-238-100 bde-section\">\n  \n\t\n\n\n\n<div class=\"section-container\"><h2 class=\"bde-heading-238-101 bde-heading\">\nPRODUSE\n<\/h2><h3 class=\"bde-heading-238-118 bde-heading\">\nM\u00c1RK este expertul profesionist pe care l-ai dorit \u00eentotdeauna! <br>Alege calitatea, alege-ne pe noi!\n<\/h3><div class=\"bde-columns-238-108 bde-columns\"><div class=\"bde-column-238-109 bde-column\">\n  \n\t\n\n\n\n<div class=\"bde-image-238-114 bde-image\">\n  \n\n\n\n\n\n<figure class=\"breakdance-image breakdance-image--242\">\n\t<div class=\"breakdance-image-container\">\n\t\t<div class=\"breakdance-image-clip\">\n\t\t\t\n\t\t\t\t\n\t\t\t\t\t      \n  \n  \n  \n  \n      \n      <img loading=\"lazy\" decoding=\"async\"\n      class=\"breakdance-image-object\"\n      src=\"https:\/\/mark.highsoft.ro\/wp-content\/uploads\/2024\/06\/geamuri-mark-1.png\"\n      width=\"793\"\n      height=\"591\"\n      \n      \n                                    srcset=\"https:\/\/mark.highsoft.ro\/wp-content\/uploads\/2024\/06\/geamuri-mark-1.png 793w, https:\/\/mark.highsoft.ro\/wp-content\/uploads\/2024\/06\/geamuri-mark-1-300x224.png 300w, https:\/\/mark.highsoft.ro\/wp-content\/uploads\/2024\/06\/geamuri-mark-1-768x572.png 768w, https:\/\/mark.highsoft.ro\/wp-content\/uploads\/2024\/06\/geamuri-mark-1-16x12.png 16w\"\n                                                                      >\n  \n\n\t\t\t\t\t\n\t\t\t\t\t\t<\/div>\n\t<\/div>\n\n\t<\/figure>\n\n<\/div>\n<\/div><div class=\"bde-column-238-110 bde-column\">\n  \n\t\n\n\n\n<h1 class=\"bde-heading-238-116 bde-heading\">\nGEAMURI\n<\/h1><div class=\"bde-rich-text-238-120 bde-rich-text breakdance-rich-text-styles\">\n<p>Bijuteriile familiei noastre, ferestrele: combina\u021bia materialelor lemnoase cu cea mai modern\u0103 tehnologie, izola\u021bia termic\u0103 \u0219i fonic\u0103 excep\u021bional\u0103, calitatea \u00eenalt\u0103, precum \u0219i elegan\u021ba formelor \u0219i culorilor caracterizeaz\u0103 ferestrele noastre Premium din lemn.<\/p>\n<\/div><div class=\"bde-icon-list-238-121 bde-icon-list\">\n<ul>\n  \n              \n    <li>\n              <div class='bde-icon-list__item-wrapper'>\n      \n      <span class='bde-icon-list__icon'>\n        <svg xmlns=\"http:\/\/www.w3.org\/2000\/svg\" viewbox=\"0 0 512 512\"><!-- Font Awesome Free 5.15.1 by @fontawesome - https:\/\/fontawesome.com License - https:\/\/fontawesome.com\/license\/free (Icons: CC BY 4.0, Fonts: SIL OFL 1.1, Code: MIT License) --><path d=\"M512 512H0V0h512v512z\"\/><\/svg>\n      <\/span>\n      <span class='bde-icon-list__text' >\n      Geamuri LEMN\n      <\/span>\n              <\/div>\n      \n    <\/li>\n\n  \n              \n    <li>\n              <div class='bde-icon-list__item-wrapper'>\n      \n      <span class='bde-icon-list__icon'>\n        <svg xmlns=\"http:\/\/www.w3.org\/2000\/svg\" viewbox=\"0 0 512 512\"><!-- Font Awesome Free 5.15.1 by @fontawesome - https:\/\/fontawesome.com License - https:\/\/fontawesome.com\/license\/free (Icons: CC BY 4.0, Fonts: SIL OFL 1.1, Code: MIT License) --><path d=\"M512 512H0V0h512v512z\"\/><\/svg>\n      <\/span>\n      <span class='bde-icon-list__text' >\n      Geamuri ALU\n      <\/span>\n              <\/div>\n      \n    <\/li>\n\n  \n              \n    <li>\n              <div class='bde-icon-list__item-wrapper'>\n      \n      <span class='bde-icon-list__icon'>\n        <svg xmlns=\"http:\/\/www.w3.org\/2000\/svg\" viewbox=\"0 0 512 512\"><!-- Font Awesome Free 5.15.1 by @fontawesome - https:\/\/fontawesome.com License - https:\/\/fontawesome.com\/license\/free (Icons: CC BY 4.0, Fonts: SIL OFL 1.1, Code: MIT License) --><path d=\"M512 512H0V0h512v512z\"\/><\/svg>\n      <\/span>\n      <span class='bde-icon-list__text' >\n      Geamuri DUO\n      <\/span>\n              <\/div>\n      \n    <\/li>\n\n  \n              \n    <li>\n              <div class='bde-icon-list__item-wrapper'>\n      \n      <span class='bde-icon-list__icon'>\n        <svg xmlns=\"http:\/\/www.w3.org\/2000\/svg\" viewbox=\"0 0 512 512\"><!-- Font Awesome Free 5.15.1 by @fontawesome - https:\/\/fontawesome.com License - https:\/\/fontawesome.com\/license\/free (Icons: CC BY 4.0, Fonts: SIL OFL 1.1, Code: MIT License) --><path d=\"M512 512H0V0h512v512z\"\/><\/svg>\n      <\/span>\n      <span class='bde-icon-list__text' >\n      Geamuri Istorice\n      <\/span>\n              <\/div>\n      \n    <\/li>\n\n  <\/ul>\n\n<\/div>\n<\/div><\/div><div class=\"bde-columns-238-111 bde-columns\"><div class=\"bde-column-238-112 bde-column\">\n  \n\t\n\n\n\n<h2 class=\"bde-heading-238-117 bde-heading\">\nU\u0218I DE INTRARE\n<\/h2><div class=\"bde-rich-text-238-122 bde-rich-text breakdance-rich-text-styles\">\n<p>U\u0219ile de intrare, bijuteriile casei noastre: \u00eembinarea materialelor lemnoase cu tehnologia de v\u00e2rf, oferind o izola\u021bie termic\u0103 \u0219i fonic\u0103 superioar\u0103, calitate excep\u021bional\u0103 \u0219i un design elegant \u00een diverse forme \u0219i culori. U\u0219ile noastre Premium din lemn aduc un plus de rafinament \u0219i func\u021bionalitate locuin\u021bei tale.<\/p>\n<\/div><div class=\"bde-icon-list-238-123 bde-icon-list\">\n<ul>\n  \n              \n    <li>\n              <div class='bde-icon-list__item-wrapper'>\n      \n      <span class='bde-icon-list__icon'>\n        <svg xmlns=\"http:\/\/www.w3.org\/2000\/svg\" viewbox=\"0 0 512 512\"><!-- Font Awesome Free 5.15.1 by @fontawesome - https:\/\/fontawesome.com License - https:\/\/fontawesome.com\/license\/free (Icons: CC BY 4.0, Fonts: SIL OFL 1.1, Code: MIT License) --><path d=\"M512 512H0V0h512v512z\"\/><\/svg>\n      <\/span>\n      <span class='bde-icon-list__text' >\n      Geamuri LEMN\n      <\/span>\n              <\/div>\n      \n    <\/li>\n\n  \n              \n    <li>\n              <div class='bde-icon-list__item-wrapper'>\n      \n      <span class='bde-icon-list__icon'>\n        <svg xmlns=\"http:\/\/www.w3.org\/2000\/svg\" viewbox=\"0 0 512 512\"><!-- Font Awesome Free 5.15.1 by @fontawesome - https:\/\/fontawesome.com License - https:\/\/fontawesome.com\/license\/free (Icons: CC BY 4.0, Fonts: SIL OFL 1.1, Code: MIT License) --><path d=\"M512 512H0V0h512v512z\"\/><\/svg>\n      <\/span>\n      <span class='bde-icon-list__text' >\n      Geamuri ALU\n      <\/span>\n              <\/div>\n      \n    <\/li>\n\n  \n              \n    <li>\n              <div class='bde-icon-list__item-wrapper'>\n      \n      <span class='bde-icon-list__icon'>\n        <svg xmlns=\"http:\/\/www.w3.org\/2000\/svg\" viewbox=\"0 0 512 512\"><!-- Font Awesome Free 5.15.1 by @fontawesome - https:\/\/fontawesome.com License - https:\/\/fontawesome.com\/license\/free (Icons: CC BY 4.0, Fonts: SIL OFL 1.1, Code: MIT License) --><path d=\"M512 512H0V0h512v512z\"\/><\/svg>\n      <\/span>\n      <span class='bde-icon-list__text' >\n      Geamuri DUO\n      <\/span>\n              <\/div>\n      \n    <\/li>\n\n  \n              \n    <li>\n              <div class='bde-icon-list__item-wrapper'>\n      \n      <span class='bde-icon-list__icon'>\n        <svg xmlns=\"http:\/\/www.w3.org\/2000\/svg\" viewbox=\"0 0 512 512\"><!-- Font Awesome Free 5.15.1 by @fontawesome - https:\/\/fontawesome.com License - https:\/\/fontawesome.com\/license\/free (Icons: CC BY 4.0, Fonts: SIL OFL 1.1, Code: MIT License) --><path d=\"M512 512H0V0h512v512z\"\/><\/svg>\n      <\/span>\n      <span class='bde-icon-list__text' >\n      Geamuri Istorice\n      <\/span>\n              <\/div>\n      \n    <\/li>\n\n  <\/ul>\n\n<\/div>\n<\/div><div class=\"bde-column-238-113 bde-column\">\n  \n\t\n\n\n\n<div class=\"bde-image-238-115 bde-image\">\n  \n\n\n\n\n\n<figure class=\"breakdance-image breakdance-image--241\">\n\t<div class=\"breakdance-image-container\">\n\t\t<div class=\"breakdance-image-clip\">\n\t\t\t\n\t\t\t\t\n\t\t\t\t\t      \n  \n  \n  \n  \n      \n      <img loading=\"lazy\" decoding=\"async\"\n      class=\"breakdance-image-object\"\n      src=\"https:\/\/mark.highsoft.ro\/wp-content\/uploads\/2024\/06\/geamuri-mark-2.png\"\n      width=\"790\"\n      height=\"591\"\n      \n      \n                                    srcset=\"https:\/\/mark.highsoft.ro\/wp-content\/uploads\/2024\/06\/geamuri-mark-2.png 790w, https:\/\/mark.highsoft.ro\/wp-content\/uploads\/2024\/06\/geamuri-mark-2-300x224.png 300w, https:\/\/mark.highsoft.ro\/wp-content\/uploads\/2024\/06\/geamuri-mark-2-768x575.png 768w, https:\/\/mark.highsoft.ro\/wp-content\/uploads\/2024\/06\/geamuri-mark-2-16x12.png 16w\"\n                                                                      >\n  \n\n\t\t\t\t\t\n\t\t\t\t\t\t<\/div>\n\t<\/div>\n\n\t<\/figure>\n\n<\/div>\n<\/div><\/div><\/div>\n<\/section>","protected":false},"excerpt":{"rendered":"<p>PRODUSE M\u00c1RK este expertul profesionist pe care l-ai dorit \u00eentotdeauna! Alege calitatea, alege-ne pe noi! GEAMURI Bijuteriile familiei noastre, ferestrele: combina\u021bia materialelor lemnoase cu cea mai modern\u0103 tehnologie, izola\u021bia termic\u0103 \u0219i fonic\u0103 excep\u021bional\u0103, calitatea \u00eenalt\u0103, precum \u0219i elegan\u021ba formelor \u0219i culorilor caracterizeaz\u0103 ferestrele noastre Premium din lemn. Geamuri LEMN Geamuri ALU Geamuri DUO Geamuri Istorice [&hellip;]<\/p>","protected":false},"author":1,"featured_media":0,"parent":0,"menu_order":0,"comment_status":"closed","ping_status":"closed","template":"","meta":{"_breakdance_hide_in_design_set":false,"_breakdance_tags":"","footnotes":""},"_links":{"self":[{"href":"https:\/\/mark.highsoft.ro\/hu\/wp-json\/wp\/v2\/pages\/238"}],"collection":[{"href":"https:\/\/mark.highsoft.ro\/hu\/wp-json\/wp\/v2\/pages"}],"about":[{"href":"https:\/\/mark.highsoft.ro\/hu\/wp-json\/wp\/v2\/types\/page"}],"author":[{"embeddable":true,"href":"https:\/\/mark.highsoft.ro\/hu\/wp-json\/wp\/v2\/users\/1"}],"replies":[{"embeddable":true,"href":"https:\/\/mark.highsoft.ro\/hu\/wp-json\/wp\/v2\/comments?post=238"}],"version-history":[{"count":4,"href":"https:\/\/mark.highsoft.ro\/hu\/wp-json\/wp\/v2\/pages\/238\/revisions"}],"predecessor-version":[{"id":246,"href":"https:\/\/mark.highsoft.ro\/hu\/wp-json\/wp\/v2\/pages\/238\/revisions\/246"}],"wp:attachment":[{"href":"https:\/\/mark.highsoft.ro\/hu\/wp-json\/wp\/v2\/media?parent=238"}],"curies":[{"name":"wp","href":"https:\/\/api.w.org\/{rel}","templated":true}]}}