{"id":209,"date":"2024-06-24T14:56:50","date_gmt":"2024-06-24T14:56:50","guid":{"rendered":"https:\/\/mark.highsoft.ro\/?page_id=209"},"modified":"2024-06-24T16:03:23","modified_gmt":"2024-06-24T16:03:23","slug":"proiectanti-mark","status":"publish","type":"page","link":"https:\/\/mark.highsoft.ro\/hu\/proiectanti-mark\/","title":{"rendered":"Proiectanti MARK"},"content":{"rendered":"<section class=\"bde-section-209-100 bde-section\">\n  \n\t\n\n\n\n<div class=\"section-container\"><h2 class=\"bde-heading-209-101 bde-heading\">\nPROIECTAN\u021aI\n<\/h2><h3 class=\"bde-heading-209-142 bde-heading\">\nAl\u0103tur\u0103-te Programului Nostru pentru Arhitec\u021bi \u0219i Descarc\u0103 Fi\u0219ierele PDF<br>\n<\/h3><div class=\"bde-columns-209-144 bde-columns\"><div class=\"bde-column-209-145 bde-column\">\n  \n\t\n\n\n\n<div class=\"bde-rich-text-209-143 bde-rich-text breakdance-rich-text-styles\">\n<p>Avem peste 220 ani de experien\u021b\u0103 \u00een prelucrarea la calitate superioar\u0103 a lemnului. Pentru a asigura o calitate des\u0103v\u00e2r\u0219it\u0103 produselor ce vor fi proiectate de dumneavoastr\u0103, M\u00c1RK ofer\u0103:<\/p>\n<ul>\n<li><strong>M\u0103sur\u0103tori profesionale<\/strong><\/li>\n<li><strong>Oferte personalizate gusturilor dumneavoastr\u0103<\/strong><\/li>\n<li><strong>Produc\u021bie la cele mai \u00eenalte standarde de calitate<\/strong><\/li>\n<li><strong>Planificarea momentului livr\u0103rii<\/strong><\/li>\n<li><strong>Transportul produselor<\/strong><\/li>\n<li><strong>Montaj profesional de mare acurate\u021be<\/strong><\/li>\n<\/ul>\n<p>Aplic\u0103 acum pentru programul nostru de membri creat pentru proiectan\u021bi \u0219i acceseaz\u0103 toate desenele tehnice pentru proiectele tale!<\/p>\n<\/div>\n<\/div><div class=\"bde-column-209-146 bde-column\">\n  \n\t\n\n\n\n<div class=\"bde-form-builder-209-148 bde-form-builder\">\n\n\n<form id=\"contact-form148\" class=\"breakdance-form breakdance-form--vertical\" data-options=\"{&quot;slug&quot;:&quot;custom&quot;,&quot;name&quot;:&quot;Contact Form&quot;,&quot;ajaxUrl&quot;:&quot;https:\\\/\\\/mark.highsoft.ro\\\/wp-admin\\\/admin-ajax.php&quot;,&quot;clearOnSuccess&quot;:true,&quot;hideOnSuccess&quot;:false,&quot;successMessage&quot;:&quot;Mesajul t\\u0103u a fost trimis cu succes! O persoan\\u0103 din echipa noastr\\u0103 va lua leg\\u0103tura cu dvs. \\u00een cel mai scurt timp posibil.&quot;,&quot;errorMessage&quot;:&quot;Mesajul nu a fost trimis!&quot;,&quot;redirect&quot;:false,&quot;redirectUrl&quot;:&quot;&quot;,&quot;customJavaScript&quot;:&quot;&quot;,&quot;recaptcha&quot;:{&quot;key&quot;:&quot;&quot;,&quot;enabled&quot;:true},&quot;honeypot_enabled&quot;:false,&quot;popupsOnSuccess&quot;:[],&quot;popupsOnError&quot;:[]}\" data-steps=\"0\" action=\"\" >\n  \n  \n  \n<div class=\"breakdance-form-field breakdance-form-field--text\" >\n    \n    \n            <label class=\"breakdance-form-field__label\" for=\"name\">\n            Nume<span class=\"breakdance-form-field__required\">*<\/span>\n        <\/label>\n    \n    <input\n    class=\"breakdance-form-field__input\"\n    id=\"name\"\n    aria-describedby=\"name\"\n    type=\"text\"\n    name=\"fields[name]\"\n    placeholder=\"\"\n    value=\"\"\n                \n        \n        \n    required\n>\n\n\n    \n    \n<\/div>\n\n\n<div class=\"breakdance-form-field breakdance-form-field--tel\" >\n    \n    \n            <label class=\"breakdance-form-field__label\" for=\"email\">\n            Num\u0103r telefon<span class=\"breakdance-form-field__required\">*<\/span>\n        <\/label>\n    \n    <input\n    class=\"breakdance-form-field__input\"\n    id=\"email\"\n    aria-describedby=\"email\"\n    type=\"tel\"\n    name=\"fields[email]\"\n    placeholder=\"\"\n    value=\"\"\n                \n        \n        \n    required\n>\n\n\n    \n    \n<\/div>\n\n\n<div class=\"breakdance-form-field breakdance-form-field--email\" >\n    \n    \n            <label class=\"breakdance-form-field__label\" for=\"ktzing\">\n            Adres\u0103 de E-mail\n        <\/label>\n    \n    <input\n    class=\"breakdance-form-field__input\"\n    id=\"ktzing\"\n    aria-describedby=\"ktzing\"\n    type=\"email\"\n    name=\"fields[ktzing]\"\n    placeholder=\"\"\n    value=\"\"\n                \n        \n        \n    \n    \n    \n>\n\n\n    \n    \n<\/div>\n\n\n<div class=\"breakdance-form-field breakdance-form-field--checkbox\" >\n    \n    \n    \n    <fieldset role=\"group\"\n    >\n          <div class=\"breakdance-form-checkbox\">\n          <input\n              type=\"checkbox\"\n              name=\"fields[dcohkp]\"\n              value=\"\u00cen conformitate cu GDPR (Regulamentul general privind protec\u021bia datelor), \u00eemi dau consim\u021b\u0103m\u00e2ntul ca datele de contact furnizate \u00een acest formular s\u0103 fie prelucrate \u0219i stocate de Holz Center SRL.\"\n              id=\"dcohkp-1\"\n              \n                        >\n          <label class=\"breakdance-form-checkbox__text\" for=\"dcohkp-1\">\u00cen conformitate cu GDPR (Regulamentul general privind protec\u021bia datelor), \u00eemi dau consim\u021b\u0103m\u00e2ntul ca datele de contact furnizate \u00een acest formular s\u0103 fie prelucrate \u0219i stocate de Holz Center SRL.<\/label>\n      <\/div>\n  <\/fieldset>\n\n\n\n    \n    \n<\/div>\n\n\n  \n\n<div class=\"breakdance-form-field breakdance-form-footer\">\n    \n    \n                                    \n    \n    \n    \n    \n            \n            <button type=\"submit\" class=\"button-atom button-atom--primary breakdance-form-button breakdance-form-button__submit\"  >\n    \n        <span class=\"button-atom__text\">TRIMITE<\/span>\n\n        \n        \n            <\/button>\n    \n    <input type=\"hidden\" name=\"form_id\" value=\"148\">\n    <input type=\"hidden\" name=\"post_id\" value=\"209\">\n<\/div>\n\n  \n<input type=\"hidden\" name=\"trp-form-language\" value=\"hu\"\/><\/form>\n\n\n\n<\/div>\n<\/div><\/div><\/div>\n<\/section><section class=\"bde-section-209-149 bde-section\">\n  \n\t\n\n\n\n<div class=\"section-container\"><h3 class=\"bde-heading-209-150 bde-heading\">\nC\u00e2teva exemple dintre proiectele noastre\n<\/h3><div class=\"bde-columns-209-118 bde-columns\"><div class=\"bde-column-209-119 bde-column\">\n  \n\t\n\n\n\n<h2 class=\"bde-heading-209-126 bde-heading\">\nStructur\u0103 de fereastr\u0103 batant\u0103<br>\n<\/h2><div class=\"bde-code-block-209-117 bde-code-block\">\n\n  <html>\n<head>\n    <style>\n        .embed-cover {\n         \/\/ position: absolute;\n          top: 0;\n          left: 0;\n          bottom: 0;\n          right: 0;\n          \n          \/* Just for demonstration, remove this part *\/\n          opacity: 0.25;\n        }\n\n        .wrapper {\n          position: relative;\n          overflow: hidden;\n        }\n    <\/style>\n    <script type=\"text\/javascript\">\n        function disableContextMenu() {\n            window.frames[\"pdfframe\"].contentDocument.oncontextmenu = function(){return true;};   \n            var myFrame = document.getElementById('pdfframe');\n            myFrame.window.eval('document.addEventListener(\"contextmenu\", function (e) {e.preventDefault();}, false)');\n        }\n\n    <\/script>\n<\/head>\n<body onload=\"disableContextMenu();\" oncontextmenu=\"return false\">\n    <div class=\"wrapper\">\n        <embed id=\"pdfframe\" src=\"https:\/\/mark.highsoft.ro\/wp-content\/uploads\/2024\/06\/pdf-sample-file.pdf#toolbar=0&navpanes=0&scrollbar=0\" width=\"250px\" height=\"400px\" ><\/embed>\n        <div class=\"embed-cover\"><\/div>\n    <\/div>\n<\/body>\n\n\n<\/div><div class=\"bde-button-209-132 bde-button\">\n    \n                                    \n    \n    \n    \n    \n            \n                    \n            \n            \n\n    \n    \n    \n    \n    <a class=\"breakdance-link button-atom button-atom--custom bde-button__button\" href=\"https:\/\/mark.highsoft.ro\/wp-content\/uploads\/2024\/06\/pdf-sample-file.pdf\" target=\"_self\" data-type=\"url\"  >\n\n    \n        <span class=\"button-atom__text\">DESC\u0102RCARE<\/span>\n\n                            \n        \n                <\/a>\n\n    \n\n\n<\/div>\n<\/div><div class=\"bde-column-209-120 bde-column\">\n  \n\t\n\n\n\n<h2 class=\"bde-heading-209-125 bde-heading\">\nStructur\u0103 de fereastr\u0103 batant\u0103<br>\n<\/h2><div class=\"bde-code-block-209-121 bde-code-block\">\n\n  <html>\n<head>\n    <style>\n        .embed-cover {\n         \/\/ position: absolute;\n          top: 0;\n          left: 0;\n          bottom: 0;\n          right: 0;\n          \n          \/* Just for demonstration, remove this part *\/\n          opacity: 0.25;\n        }\n\n        .wrapper {\n          position: relative;\n          overflow: hidden;\n        }\n    <\/style>\n    <script type=\"text\/javascript\">\n        function disableContextMenu() {\n            window.frames[\"pdfframe\"].contentDocument.oncontextmenu = function(){return true;};   \n            var myFrame = document.getElementById('pdfframe');\n            myFrame.window.eval('document.addEventListener(\"contextmenu\", function (e) {e.preventDefault();}, false)');\n        }\n\n    <\/script>\n<\/head>\n<body onload=\"disableContextMenu();\" oncontextmenu=\"return false\">\n    <div class=\"wrapper\">\n        <embed id=\"pdfframe\" src=\"https:\/\/mark.highsoft.ro\/wp-content\/uploads\/2024\/06\/pdf-sample-file.pdf#toolbar=0&navpanes=0&scrollbar=0\" width=\"250px\" height=\"400px\" ><\/embed>\n        <div class=\"embed-cover\"><\/div>\n    <\/div>\n<\/body>\n\n\n<\/div><div class=\"bde-button-209-133 bde-button\">\n    \n                                    \n    \n    \n    \n    \n            \n                    \n            \n            \n\n    \n    \n    \n    \n    <a class=\"breakdance-link button-atom button-atom--custom bde-button__button\" href=\"https:\/\/mark.highsoft.ro\/wp-content\/uploads\/2024\/06\/pdf-sample-file.pdf\" target=\"_self\" data-type=\"url\"  >\n\n    \n        <span class=\"button-atom__text\">DESC\u0102RCARE<\/span>\n\n                            \n        \n                <\/a>\n\n    \n\n\n<\/div>\n<\/div><div class=\"bde-column-209-134 bde-column\">\n  \n\t\n\n\n\n<h2 class=\"bde-heading-209-135 bde-heading\">\nStructur\u0103 de fereastr\u0103 batant\u0103<br>\n<\/h2><div class=\"bde-code-block-209-136 bde-code-block\">\n\n  <html>\n<head>\n    <style>\n        .embed-cover {\n         \/\/ position: absolute;\n          top: 0;\n          left: 0;\n          bottom: 0;\n          right: 0;\n          \n          \/* Just for demonstration, remove this part *\/\n          opacity: 0.25;\n        }\n\n        .wrapper {\n          position: relative;\n          overflow: hidden;\n        }\n    <\/style>\n    <script type=\"text\/javascript\">\n        function disableContextMenu() {\n            window.frames[\"pdfframe\"].contentDocument.oncontextmenu = function(){return true;};   \n            var myFrame = document.getElementById('pdfframe');\n            myFrame.window.eval('document.addEventListener(\"contextmenu\", function (e) {e.preventDefault();}, false)');\n        }\n\n    <\/script>\n<\/head>\n<body onload=\"disableContextMenu();\" oncontextmenu=\"return false\">\n    <div class=\"wrapper\">\n        <embed id=\"pdfframe\" src=\"https:\/\/mark.highsoft.ro\/wp-content\/uploads\/2024\/06\/pdf-sample-file.pdf#toolbar=0&navpanes=0&scrollbar=0\" width=\"250px\" height=\"400px\" ><\/embed>\n        <div class=\"embed-cover\"><\/div>\n    <\/div>\n<\/body>\n\n\n<\/div><div class=\"bde-button-209-140 bde-button\">\n    \n                                    \n    \n    \n    \n    \n            \n                    \n            \n            \n\n    \n    \n    \n    \n    <a class=\"breakdance-link button-atom button-atom--custom bde-button__button\" href=\"https:\/\/mark.highsoft.ro\/wp-content\/uploads\/2024\/06\/pdf-sample-file.pdf\" target=\"_self\" data-type=\"url\"  >\n\n    \n        <span class=\"button-atom__text\">DESC\u0102RCARE<\/span>\n\n                            \n        \n                <\/a>\n\n    \n\n\n<\/div>\n<\/div><div class=\"bde-column-209-137 bde-column\">\n  \n\t\n\n\n\n<h2 class=\"bde-heading-209-138 bde-heading\">\nStructur\u0103 de fereastr\u0103 batant\u0103<br>\n<\/h2><div class=\"bde-code-block-209-139 bde-code-block\">\n\n  <html>\n<head>\n    <style>\n        .embed-cover {\n         \/\/ position: absolute;\n          top: 0;\n          left: 0;\n          bottom: 0;\n          right: 0;\n          \n          \/* Just for demonstration, remove this part *\/\n          opacity: 0.25;\n        }\n\n        .wrapper {\n          position: relative;\n          overflow: hidden;\n        }\n    <\/style>\n    <script type=\"text\/javascript\">\n        function disableContextMenu() {\n            window.frames[\"pdfframe\"].contentDocument.oncontextmenu = function(){return true;};   \n            var myFrame = document.getElementById('pdfframe');\n            myFrame.window.eval('document.addEventListener(\"contextmenu\", function (e) {e.preventDefault();}, false)');\n        }\n\n    <\/script>\n<\/head>\n<body onload=\"disableContextMenu();\" oncontextmenu=\"return false\">\n    <div class=\"wrapper\">\n        <embed id=\"pdfframe\" src=\"https:\/\/mark.highsoft.ro\/wp-content\/uploads\/2024\/06\/pdf-sample-file.pdf#toolbar=0&navpanes=0&scrollbar=0\" width=\"250px\" height=\"400px\" ><\/embed>\n        <div class=\"embed-cover\"><\/div>\n    <\/div>\n<\/body>\n\n\n<\/div><div class=\"bde-button-209-141 bde-button\">\n    \n                                    \n    \n    \n    \n    \n            \n                    \n            \n            \n\n    \n    \n    \n    \n    <a class=\"breakdance-link button-atom button-atom--custom bde-button__button\" href=\"https:\/\/mark.highsoft.ro\/wp-content\/uploads\/2024\/06\/pdf-sample-file.pdf\" target=\"_self\" data-type=\"url\"  >\n\n    \n        <span class=\"button-atom__text\">DESC\u0102RCARE<\/span>\n\n                            \n        \n                <\/a>\n\n    \n\n\n<\/div>\n<\/div><\/div><div class=\"bde-code-block-209-123 bde-code-block\">\n\n\n\n<\/div><\/div>\n<\/section>","protected":false},"excerpt":{"rendered":"<p>PROIECTAN\u021aI Al\u0103tur\u0103-te Programului Nostru pentru Arhitec\u021bi \u0219i Descarc\u0103 Fi\u0219ierele PDF Avem peste 220 ani de experien\u021b\u0103 \u00een prelucrarea la calitate superioar\u0103 a lemnului. Pentru a asigura o calitate des\u0103v\u00e2r\u0219it\u0103 produselor ce vor fi proiectate de dumneavoastr\u0103, M\u00c1RK ofer\u0103: M\u0103sur\u0103tori profesionale Oferte personalizate gusturilor dumneavoastr\u0103 Produc\u021bie la cele mai \u00eenalte standarde de calitate Planificarea momentului livr\u0103rii [&hellip;]<\/p>","protected":false},"author":1,"featured_media":0,"parent":0,"menu_order":0,"comment_status":"closed","ping_status":"closed","template":"","meta":{"_breakdance_hide_in_design_set":false,"_breakdance_tags":"","footnotes":""},"_links":{"self":[{"href":"https:\/\/mark.highsoft.ro\/hu\/wp-json\/wp\/v2\/pages\/209"}],"collection":[{"href":"https:\/\/mark.highsoft.ro\/hu\/wp-json\/wp\/v2\/pages"}],"about":[{"href":"https:\/\/mark.highsoft.ro\/hu\/wp-json\/wp\/v2\/types\/page"}],"author":[{"embeddable":true,"href":"https:\/\/mark.highsoft.ro\/hu\/wp-json\/wp\/v2\/users\/1"}],"replies":[{"embeddable":true,"href":"https:\/\/mark.highsoft.ro\/hu\/wp-json\/wp\/v2\/comments?post=209"}],"version-history":[{"count":21,"href":"https:\/\/mark.highsoft.ro\/hu\/wp-json\/wp\/v2\/pages\/209\/revisions"}],"predecessor-version":[{"id":243,"href":"https:\/\/mark.highsoft.ro\/hu\/wp-json\/wp\/v2\/pages\/209\/revisions\/243"}],"wp:attachment":[{"href":"https:\/\/mark.highsoft.ro\/hu\/wp-json\/wp\/v2\/media?parent=209"}],"curies":[{"name":"wp","href":"https:\/\/api.w.org\/{rel}","templated":true}]}}