{"id":14,"date":"2024-04-25T07:20:46","date_gmt":"2024-04-25T07:20:46","guid":{"rendered":"https:\/\/mark.highsoft.ro\/?page_id=14"},"modified":"2024-06-25T14:37:55","modified_gmt":"2024-06-25T14:37:55","slug":"mark","status":"publish","type":"page","link":"https:\/\/mark.highsoft.ro\/hu\/","title":{"rendered":"MARK"},"content":{"rendered":"<section class=\"bde-section-14-100 bde-section\">\n  \n\t\n\n\n\n<div class=\"section-container\"><div class=\"bde-image-14-101 bde-image\">\n  \n\n\n\n\n\n<figure class=\"breakdance-image breakdance-image--91\">\n\t<div class=\"breakdance-image-container\">\n\t\t<div class=\"breakdance-image-clip\">\n\t\t\t\n\t\t\t\t\n\t\t\t\t\t      \n  \n  \n  \n  \n      \n      <img loading=\"lazy\" decoding=\"async\"\n      class=\"breakdance-image-object\"\n      src=\"https:\/\/mark.highsoft.ro\/wp-content\/uploads\/2024\/06\/hogyandolgozunk-mark-home.png\"\n      width=\"1488\"\n      height=\"448\"\n      \n      \n                                    srcset=\"https:\/\/mark.highsoft.ro\/wp-content\/uploads\/2024\/06\/hogyandolgozunk-mark-home.png 1488w, https:\/\/mark.highsoft.ro\/wp-content\/uploads\/2024\/06\/hogyandolgozunk-mark-home-300x90.png 300w, https:\/\/mark.highsoft.ro\/wp-content\/uploads\/2024\/06\/hogyandolgozunk-mark-home-1024x308.png 1024w, https:\/\/mark.highsoft.ro\/wp-content\/uploads\/2024\/06\/hogyandolgozunk-mark-home-768x231.png 768w, https:\/\/mark.highsoft.ro\/wp-content\/uploads\/2024\/06\/hogyandolgozunk-mark-home-18x5.png 18w\"\n                                                                      >\n  \n\n\t\t\t\t\t\n\t\t\t\t\t\t<\/div>\n\t<\/div>\n\n\t<\/figure>\n\n<\/div><\/div>\n<\/section><section class=\"bde-section-14-104 bde-section\">\n  \n\t\n\n\n\n<div class=\"section-container\"><h2 class=\"bde-heading-14-105 bde-heading\">\nCUM LUCR\u0102M?\n<\/h2><div class=\"bde-columns-14-106 bde-columns\"><div class=\"bde-column-14-107 bde-column\">\n  \n\t\n\n\n\n<div class=\"bde-image-14-110 bde-image\">\n  \n\n\n\n\n\n<figure class=\"breakdance-image breakdance-image--67\">\n\t<div class=\"breakdance-image-container\">\n\t\t<div class=\"breakdance-image-clip\">\n\t\t\t\n\t\t\t\t\n\t\t\t\t\t      \n  \n  \n  \n  \n      \n      <img loading=\"lazy\" decoding=\"async\"\n      class=\"breakdance-image-object\"\n      src=\"https:\/\/mark.highsoft.ro\/wp-content\/uploads\/2024\/05\/mark-lepes-1.png\"\n      width=\"131\"\n      height=\"114\"\n      \n      \n                                    srcset=\"https:\/\/mark.highsoft.ro\/wp-content\/uploads\/2024\/05\/mark-lepes-1.png 131w, https:\/\/mark.highsoft.ro\/wp-content\/uploads\/2024\/05\/mark-lepes-1-14x12.png 14w\"\n                                                                      >\n  \n\n\t\t\t\t\t\n\t\t\t\t\t\t<\/div>\n\t<\/div>\n\n\t<\/figure>\n\n<\/div><div class=\"bde-text-14-113 bde-text\">\nPrimul pas lorem ipsum lorem ipsum lorem ipsum\n<\/div>\n<\/div><div class=\"bde-column-14-108 bde-column\">\n  \n\t\n\n\n\n<div class=\"bde-image-14-111 bde-image\">\n  \n\n\n\n\n\n<figure class=\"breakdance-image breakdance-image--66\">\n\t<div class=\"breakdance-image-container\">\n\t\t<div class=\"breakdance-image-clip\">\n\t\t\t\n\t\t\t\t\n\t\t\t\t\t      \n  \n  \n  \n  \n      \n      <img loading=\"lazy\" decoding=\"async\"\n      class=\"breakdance-image-object\"\n      src=\"https:\/\/mark.highsoft.ro\/wp-content\/uploads\/2024\/05\/mark-lepes-2.png\"\n      width=\"131\"\n      height=\"115\"\n      \n      \n                                    srcset=\"https:\/\/mark.highsoft.ro\/wp-content\/uploads\/2024\/05\/mark-lepes-2.png 131w, https:\/\/mark.highsoft.ro\/wp-content\/uploads\/2024\/05\/mark-lepes-2-14x12.png 14w\"\n                                                                      >\n  \n\n\t\t\t\t\t\n\t\t\t\t\t\t<\/div>\n\t<\/div>\n\n\t<\/figure>\n\n<\/div><div class=\"bde-text-14-114 bde-text\">\nPasul doi lorem ipsum lorem ipsum lorem ipsum\n<\/div>\n<\/div><div class=\"bde-column-14-109 bde-column\">\n  \n\t\n\n\n\n<div class=\"bde-image-14-112 bde-image\">\n  \n\n\n\n\n\n<figure class=\"breakdance-image breakdance-image--65\">\n\t<div class=\"breakdance-image-container\">\n\t\t<div class=\"breakdance-image-clip\">\n\t\t\t\n\t\t\t\t\n\t\t\t\t\t      \n  \n  \n  \n  \n      \n      <img loading=\"lazy\" decoding=\"async\"\n      class=\"breakdance-image-object\"\n      src=\"https:\/\/mark.highsoft.ro\/wp-content\/uploads\/2024\/05\/mark-lepes-3.png\"\n      width=\"131\"\n      height=\"114\"\n      \n      \n                                    srcset=\"https:\/\/mark.highsoft.ro\/wp-content\/uploads\/2024\/05\/mark-lepes-3.png 131w, https:\/\/mark.highsoft.ro\/wp-content\/uploads\/2024\/05\/mark-lepes-3-14x12.png 14w\"\n                                                                      >\n  \n\n\t\t\t\t\t\n\t\t\t\t\t\t<\/div>\n\t<\/div>\n\n\t<\/figure>\n\n<\/div><div class=\"bde-text-14-115 bde-text\">\nPasul trei lorem ipsum lorem ipsum lorem ipsum\n<\/div>\n<\/div><\/div><\/div>\n<\/section><section class=\"bde-section-14-133 bde-section\">\n  \n\t\n\n\n\n<div class=\"section-container\"><h1 class=\"bde-heading-14-134 bde-heading\">\nM\u00c1RK - tradi\u021bie, calitate \u0219i tehnologii ultramoderne de prelucrare a lemnului\n<\/h1><div class=\"bde-columns-14-135 bde-columns\"><div class=\"bde-column-14-136 bde-column\">\n  \n\t\n\n\n\n<div class=\"bde-icon-list-14-144 bde-icon-list\">\n<ul>\n  \n              \n    <li>\n              <div class='bde-icon-list__item-wrapper'>\n      \n      <span class='bde-icon-list__icon'>\n        <svg xmlns=\"http:\/\/www.w3.org\/2000\/svg\" viewbox=\"0 0 512 512\"><!-- Font Awesome Free 5.15.1 by @fontawesome - https:\/\/fontawesome.com License - https:\/\/fontawesome.com\/license\/free (Icons: CC BY 4.0, Fonts: SIL OFL 1.1, Code: MIT License) --><path d=\"M512 512H0V0h512v512z\"\/><\/svg>\n      <\/span>\n      <span class='bde-icon-list__text' >\n      M\u0103sur\u0103tori profesionale<br>\n      <\/span>\n              <\/div>\n      \n    <\/li>\n\n  \n              \n    <li>\n              <div class='bde-icon-list__item-wrapper'>\n      \n      <span class='bde-icon-list__icon'>\n        <svg xmlns=\"http:\/\/www.w3.org\/2000\/svg\" viewbox=\"0 0 512 512\"><!-- Font Awesome Free 5.15.1 by @fontawesome - https:\/\/fontawesome.com License - https:\/\/fontawesome.com\/license\/free (Icons: CC BY 4.0, Fonts: SIL OFL 1.1, Code: MIT License) --><path d=\"M512 512H0V0h512v512z\"\/><\/svg>\n      <\/span>\n      <span class='bde-icon-list__text' >\n      Oferte personalizate conform gusturilor dumneavoastr\u0103<br>\n      <\/span>\n              <\/div>\n      \n    <\/li>\n\n  \n              \n    <li>\n              <div class='bde-icon-list__item-wrapper'>\n      \n      <span class='bde-icon-list__icon'>\n        <svg xmlns=\"http:\/\/www.w3.org\/2000\/svg\" viewbox=\"0 0 512 512\"><!-- Font Awesome Free 5.15.1 by @fontawesome - https:\/\/fontawesome.com License - https:\/\/fontawesome.com\/license\/free (Icons: CC BY 4.0, Fonts: SIL OFL 1.1, Code: MIT License) --><path d=\"M512 512H0V0h512v512z\"\/><\/svg>\n      <\/span>\n      <span class='bde-icon-list__text' >\n      Produc\u021bie conform celor mai \u00eenalte standarde\n      <\/span>\n              <\/div>\n      \n    <\/li>\n\n  <\/ul>\n\n<\/div>\n<\/div><div class=\"bde-column-14-137 bde-column\">\n  \n\t\n\n\n\n<div class=\"bde-icon-list-14-145 bde-icon-list\">\n<ul>\n  \n              \n    <li>\n              <div class='bde-icon-list__item-wrapper'>\n      \n      <span class='bde-icon-list__icon'>\n        <svg xmlns=\"http:\/\/www.w3.org\/2000\/svg\" viewbox=\"0 0 512 512\"><!-- Font Awesome Free 5.15.1 by @fontawesome - https:\/\/fontawesome.com License - https:\/\/fontawesome.com\/license\/free (Icons: CC BY 4.0, Fonts: SIL OFL 1.1, Code: MIT License) --><path d=\"M512 512H0V0h512v512z\"\/><\/svg>\n      <\/span>\n      <span class='bde-icon-list__text' >\n      Planificarea momentului livr\u0103rii<br>\n      <\/span>\n              <\/div>\n      \n    <\/li>\n\n  \n              \n    <li>\n              <div class='bde-icon-list__item-wrapper'>\n      \n      <span class='bde-icon-list__icon'>\n        <svg xmlns=\"http:\/\/www.w3.org\/2000\/svg\" viewbox=\"0 0 512 512\"><!-- Font Awesome Free 5.15.1 by @fontawesome - https:\/\/fontawesome.com License - https:\/\/fontawesome.com\/license\/free (Icons: CC BY 4.0, Fonts: SIL OFL 1.1, Code: MIT License) --><path d=\"M512 512H0V0h512v512z\"\/><\/svg>\n      <\/span>\n      <span class='bde-icon-list__text' >\n      Livrarea produselor\n      <\/span>\n              <\/div>\n      \n    <\/li>\n\n  \n              \n    <li>\n              <div class='bde-icon-list__item-wrapper'>\n      \n      <span class='bde-icon-list__icon'>\n        <svg xmlns=\"http:\/\/www.w3.org\/2000\/svg\" viewbox=\"0 0 512 512\"><!-- Font Awesome Free 5.15.1 by @fontawesome - https:\/\/fontawesome.com License - https:\/\/fontawesome.com\/license\/free (Icons: CC BY 4.0, Fonts: SIL OFL 1.1, Code: MIT License) --><path d=\"M512 512H0V0h512v512z\"\/><\/svg>\n      <\/span>\n      <span class='bde-icon-list__text' >\n      Asamblare profesional\u0103 cu mare precizie\n      <\/span>\n              <\/div>\n      \n    <\/li>\n\n  <\/ul>\n\n<\/div>\n<\/div><\/div><\/div>\n<\/section><section class=\"bde-section-14-146 bde-section\">\n  \n\t\n\n\n\n<div class=\"section-container\"><div class=\"bde-columns-14-149 bde-columns\"><div class=\"bde-column-14-150 bde-column\">\n  \n\t\n\n\n\n<h2 class=\"bde-heading-14-147 bde-heading\">\nTERM\u00c9KEINK\n<\/h2>\n<\/div><div class=\"bde-column-14-151 bde-column\">\n  \n\t\n\n\n\n<div class=\"bde-advancedslider-14-179 bde-advancedslider\">\n<div class=\"breakdance-swiper-wrapper\" data-swiper-id=\"179\">\n  <div class=\"swiper\">\n    <div class=\"swiper-wrapper\">\n      <div class=\"bde-advancedslide-14-182 bde-advancedslide swiper-slide\">\n<div class=\"advanced-slider__slide\">\n  <div class=\"bde-image-14-196 bde-image\">\n  \n\n\n\n\n\n<figure class=\"breakdance-image breakdance-image--84\">\n\t<div class=\"breakdance-image-container\">\n\t\t<div class=\"breakdance-image-clip\">\n\t\t\t\n\t\t\t\t\n\t\t\t\t\t      \n  \n  \n  \n  \n      \n      <img loading=\"lazy\" decoding=\"async\"\n      class=\"breakdance-image-object\"\n      src=\"https:\/\/mark.highsoft.ro\/wp-content\/uploads\/2024\/05\/ablak-mark-menu.png\"\n      width=\"354\"\n      height=\"263\"\n      \n      \n                                    srcset=\"https:\/\/mark.highsoft.ro\/wp-content\/uploads\/2024\/05\/ablak-mark-menu.png 354w, https:\/\/mark.highsoft.ro\/wp-content\/uploads\/2024\/05\/ablak-mark-menu-300x223.png 300w, https:\/\/mark.highsoft.ro\/wp-content\/uploads\/2024\/05\/ablak-mark-menu-16x12.png 16w\"\n                                                                      >\n  \n\n\t\t\t\t\t\n\t\t\t\t\t\t<\/div>\n\t<\/div>\n\n\t<\/figure>\n\n<\/div><h2 class=\"bde-heading-14-197 bde-heading\">\nROVAR H\u00c1L\u00d3\n<\/h2>\n<\/div>\n<\/div><div class=\"bde-advancedslide-14-208 bde-advancedslide swiper-slide\">\n<div class=\"advanced-slider__slide\">\n  <div class=\"bde-image-14-209 bde-image\">\n  \n\n\n\n\n\n<figure class=\"breakdance-image breakdance-image--84\">\n\t<div class=\"breakdance-image-container\">\n\t\t<div class=\"breakdance-image-clip\">\n\t\t\t\n\t\t\t\t\n\t\t\t\t\t      \n  \n  \n  \n  \n      \n      <img loading=\"lazy\" decoding=\"async\"\n      class=\"breakdance-image-object\"\n      src=\"https:\/\/mark.highsoft.ro\/wp-content\/uploads\/2024\/05\/ablak-mark-menu.png\"\n      width=\"354\"\n      height=\"263\"\n      \n      \n                                    srcset=\"https:\/\/mark.highsoft.ro\/wp-content\/uploads\/2024\/05\/ablak-mark-menu.png 354w, https:\/\/mark.highsoft.ro\/wp-content\/uploads\/2024\/05\/ablak-mark-menu-300x223.png 300w, https:\/\/mark.highsoft.ro\/wp-content\/uploads\/2024\/05\/ablak-mark-menu-16x12.png 16w\"\n                                                                      >\n  \n\n\t\t\t\t\t\n\t\t\t\t\t\t<\/div>\n\t<\/div>\n\n\t<\/figure>\n\n<\/div><h2 class=\"bde-heading-14-210 bde-heading\">\nROVAR H\u00c1L\u00d3\n<\/h2>\n<\/div>\n<\/div><div class=\"bde-advancedslide-14-211 bde-advancedslide swiper-slide\">\n<div class=\"advanced-slider__slide\">\n  <div class=\"bde-image-14-212 bde-image\">\n  \n\n\n\n\n\n<figure class=\"breakdance-image breakdance-image--84\">\n\t<div class=\"breakdance-image-container\">\n\t\t<div class=\"breakdance-image-clip\">\n\t\t\t\n\t\t\t\t\n\t\t\t\t\t      \n  \n  \n  \n  \n      \n      <img loading=\"lazy\" decoding=\"async\"\n      class=\"breakdance-image-object\"\n      src=\"https:\/\/mark.highsoft.ro\/wp-content\/uploads\/2024\/05\/ablak-mark-menu.png\"\n      width=\"354\"\n      height=\"263\"\n      \n      \n                                    srcset=\"https:\/\/mark.highsoft.ro\/wp-content\/uploads\/2024\/05\/ablak-mark-menu.png 354w, https:\/\/mark.highsoft.ro\/wp-content\/uploads\/2024\/05\/ablak-mark-menu-300x223.png 300w, https:\/\/mark.highsoft.ro\/wp-content\/uploads\/2024\/05\/ablak-mark-menu-16x12.png 16w\"\n                                                                      >\n  \n\n\t\t\t\t\t\n\t\t\t\t\t\t<\/div>\n\t<\/div>\n\n\t<\/figure>\n\n<\/div><h2 class=\"bde-heading-14-213 bde-heading\">\nROVAR H\u00c1L\u00d3\n<\/h2>\n<\/div>\n<\/div><div class=\"bde-advancedslide-14-214 bde-advancedslide swiper-slide\">\n<div class=\"advanced-slider__slide\">\n  <div class=\"bde-image-14-215 bde-image\">\n  \n\n\n\n\n\n<figure class=\"breakdance-image breakdance-image--84\">\n\t<div class=\"breakdance-image-container\">\n\t\t<div class=\"breakdance-image-clip\">\n\t\t\t\n\t\t\t\t\n\t\t\t\t\t      \n  \n  \n  \n  \n      \n      <img loading=\"lazy\" decoding=\"async\"\n      class=\"breakdance-image-object\"\n      src=\"https:\/\/mark.highsoft.ro\/wp-content\/uploads\/2024\/05\/ablak-mark-menu.png\"\n      width=\"354\"\n      height=\"263\"\n      \n      \n                                    srcset=\"https:\/\/mark.highsoft.ro\/wp-content\/uploads\/2024\/05\/ablak-mark-menu.png 354w, https:\/\/mark.highsoft.ro\/wp-content\/uploads\/2024\/05\/ablak-mark-menu-300x223.png 300w, https:\/\/mark.highsoft.ro\/wp-content\/uploads\/2024\/05\/ablak-mark-menu-16x12.png 16w\"\n                                                                      >\n  \n\n\t\t\t\t\t\n\t\t\t\t\t\t<\/div>\n\t<\/div>\n\n\t<\/figure>\n\n<\/div><h2 class=\"bde-heading-14-216 bde-heading\">\nROVAR H\u00c1L\u00d3\n<\/h2>\n<\/div>\n<\/div><div class=\"bde-advancedslide-14-217 bde-advancedslide swiper-slide\">\n<div class=\"advanced-slider__slide\">\n  <div class=\"bde-image-14-218 bde-image\">\n  \n\n\n\n\n\n<figure class=\"breakdance-image breakdance-image--84\">\n\t<div class=\"breakdance-image-container\">\n\t\t<div class=\"breakdance-image-clip\">\n\t\t\t\n\t\t\t\t\n\t\t\t\t\t      \n  \n  \n  \n  \n      \n      <img loading=\"lazy\" decoding=\"async\"\n      class=\"breakdance-image-object\"\n      src=\"https:\/\/mark.highsoft.ro\/wp-content\/uploads\/2024\/05\/ablak-mark-menu.png\"\n      width=\"354\"\n      height=\"263\"\n      \n      \n                                    srcset=\"https:\/\/mark.highsoft.ro\/wp-content\/uploads\/2024\/05\/ablak-mark-menu.png 354w, https:\/\/mark.highsoft.ro\/wp-content\/uploads\/2024\/05\/ablak-mark-menu-300x223.png 300w, https:\/\/mark.highsoft.ro\/wp-content\/uploads\/2024\/05\/ablak-mark-menu-16x12.png 16w\"\n                                                                      >\n  \n\n\t\t\t\t\t\n\t\t\t\t\t\t<\/div>\n\t<\/div>\n\n\t<\/figure>\n\n<\/div><h2 class=\"bde-heading-14-219 bde-heading\">\nROVAR H\u00c1L\u00d3\n<\/h2>\n<\/div>\n<\/div><div class=\"bde-advancedslide-14-220 bde-advancedslide swiper-slide\">\n<div class=\"advanced-slider__slide\">\n  <div class=\"bde-image-14-221 bde-image\">\n  \n\n\n\n\n\n<figure class=\"breakdance-image breakdance-image--84\">\n\t<div class=\"breakdance-image-container\">\n\t\t<div class=\"breakdance-image-clip\">\n\t\t\t\n\t\t\t\t\n\t\t\t\t\t      \n  \n  \n  \n  \n      \n      <img loading=\"lazy\" decoding=\"async\"\n      class=\"breakdance-image-object\"\n      src=\"https:\/\/mark.highsoft.ro\/wp-content\/uploads\/2024\/05\/ablak-mark-menu.png\"\n      width=\"354\"\n      height=\"263\"\n      \n      \n                                    srcset=\"https:\/\/mark.highsoft.ro\/wp-content\/uploads\/2024\/05\/ablak-mark-menu.png 354w, https:\/\/mark.highsoft.ro\/wp-content\/uploads\/2024\/05\/ablak-mark-menu-300x223.png 300w, https:\/\/mark.highsoft.ro\/wp-content\/uploads\/2024\/05\/ablak-mark-menu-16x12.png 16w\"\n                                                                      >\n  \n\n\t\t\t\t\t\n\t\t\t\t\t\t<\/div>\n\t<\/div>\n\n\t<\/figure>\n\n<\/div><h2 class=\"bde-heading-14-222 bde-heading\">\nROVAR H\u00c1L\u00d3\n<\/h2>\n<\/div>\n<\/div><div class=\"bde-advancedslide-14-223 bde-advancedslide swiper-slide\">\n<div class=\"advanced-slider__slide\">\n  <div class=\"bde-image-14-224 bde-image\">\n  \n\n\n\n\n\n<figure class=\"breakdance-image breakdance-image--84\">\n\t<div class=\"breakdance-image-container\">\n\t\t<div class=\"breakdance-image-clip\">\n\t\t\t\n\t\t\t\t\n\t\t\t\t\t      \n  \n  \n  \n  \n      \n      <img loading=\"lazy\" decoding=\"async\"\n      class=\"breakdance-image-object\"\n      src=\"https:\/\/mark.highsoft.ro\/wp-content\/uploads\/2024\/05\/ablak-mark-menu.png\"\n      width=\"354\"\n      height=\"263\"\n      \n      \n                                    srcset=\"https:\/\/mark.highsoft.ro\/wp-content\/uploads\/2024\/05\/ablak-mark-menu.png 354w, https:\/\/mark.highsoft.ro\/wp-content\/uploads\/2024\/05\/ablak-mark-menu-300x223.png 300w, https:\/\/mark.highsoft.ro\/wp-content\/uploads\/2024\/05\/ablak-mark-menu-16x12.png 16w\"\n                                                                      >\n  \n\n\t\t\t\t\t\n\t\t\t\t\t\t<\/div>\n\t<\/div>\n\n\t<\/figure>\n\n<\/div><h2 class=\"bde-heading-14-225 bde-heading\">\nROVAR H\u00c1L\u00d3\n<\/h2>\n<\/div>\n<\/div>\n    <\/div>\n  <\/div>\n\n              <div class=\"swiper-button-prev\">\n            \n        <\/div>\n        <div class=\"swiper-button-next\">\n            \n        <\/div>\n    \n            <div class=\"swiper-pagination\"><\/div>\n    \n<\/div>\n\n<\/div>\n<\/div><\/div><\/div>\n<\/section><section class=\"bde-section-14-116 bde-section\">\n  \n\t\n\n\n\n<div class=\"section-container\"><h2 class=\"bde-heading-14-226 bde-heading\">\nGYAKORI K\u00c9RD\u00c9SEK\n<\/h2><div class=\"bde-accordion-14-117 bde-accordion bde-accordion--pills\"><div class=\"bde-accordion__content-wrapper-14-124 bde-accordion__content-wrapper\">\n<h3 class=\"bde-accordion__title-tag\">\n  <button type=\"button\" class=\"bde-accordion__button\" id=\"accordion-button-124\" aria-controls=\"accordion-panel-124\" aria-expanded=\"false\">\n     <span class=\"bde-accordion__title\" >A m\u00e9ret v\u00e9telt\u0151l kezdve a gy\u00e1rt\u00e1s \u00e9s beszerel\u00e9sig sz\u00e1m\u00edthatunk a M\u00c1RK-ra?<\/span>\n     <span class=\"bde-accordion__icon bde-accordion__icon--default\"><\/span>\n     <span class=\"bde-accordion__icon bde-accordion__icon--active\"><\/span>\n  <\/button>\n<\/h3>\n\n<div role=\"region\" class=\"bde-accordion__panel\" id=\"accordion-panel-124\" aria-labelledby=\"accordion-button-124\" hidden>\n   <div class=\"bde-rich-text-14-125 bde-rich-text breakdance-rich-text-styles\">\n<h3>I am a subheading<\/h3>\n<p>This is <strong>more<\/strong> rich text.<\/p>\n<ul>\n<li>\n<p>I am a list<\/p>\n<\/li>\n<li>\n<p>Lists are cool<\/p>\n<\/li>\n<\/ul>\n<\/div>\n<\/div>\n\n\n\n<\/div><div class=\"bde-accordion__content-wrapper-14-129 bde-accordion__content-wrapper\">\n<h3 class=\"bde-accordion__title-tag\">\n  <button type=\"button\" class=\"bde-accordion__button\" id=\"accordion-button-129\" aria-controls=\"accordion-panel-129\" aria-expanded=\"false\">\n     <span class=\"bde-accordion__title\" >A m\u00e9ret v\u00e9telt\u0151l kezdve a gy\u00e1rt\u00e1s \u00e9s beszerel\u00e9sig sz\u00e1m\u00edthatunk a M\u00c1RK-ra?<\/span>\n     <span class=\"bde-accordion__icon bde-accordion__icon--default\"><\/span>\n     <span class=\"bde-accordion__icon bde-accordion__icon--active\"><\/span>\n  <\/button>\n<\/h3>\n\n<div role=\"region\" class=\"bde-accordion__panel\" id=\"accordion-panel-129\" aria-labelledby=\"accordion-button-129\" hidden>\n   <div class=\"bde-rich-text-14-130 bde-rich-text breakdance-rich-text-styles\">\n<h3>I am a subheading<\/h3>\n<p>This is <strong>more<\/strong> rich text.<\/p>\n<ul>\n<li>\n<p>I am a list<\/p>\n<\/li>\n<li>\n<p>Lists are cool<\/p>\n<\/li>\n<\/ul>\n<\/div>\n<\/div>\n\n\n\n<\/div><div class=\"bde-accordion__content-wrapper-14-131 bde-accordion__content-wrapper\">\n<h3 class=\"bde-accordion__title-tag\">\n  <button type=\"button\" class=\"bde-accordion__button\" id=\"accordion-button-131\" aria-controls=\"accordion-panel-131\" aria-expanded=\"false\">\n     <span class=\"bde-accordion__title\" >A m\u00e9ret v\u00e9telt\u0151l kezdve a gy\u00e1rt\u00e1s \u00e9s beszerel\u00e9sig sz\u00e1m\u00edthatunk a M\u00c1RK-ra?<\/span>\n     <span class=\"bde-accordion__icon bde-accordion__icon--default\"><\/span>\n     <span class=\"bde-accordion__icon bde-accordion__icon--active\"><\/span>\n  <\/button>\n<\/h3>\n\n<div role=\"region\" class=\"bde-accordion__panel\" id=\"accordion-panel-131\" aria-labelledby=\"accordion-button-131\" hidden>\n   <div class=\"bde-rich-text-14-132 bde-rich-text breakdance-rich-text-styles\">\n<h3>I am a subheading<\/h3>\n<p>This is <strong>more<\/strong> rich text.<\/p>\n<ul>\n<li>\n<p>I am a list<\/p>\n<\/li>\n<li>\n<p>Lists are cool<\/p>\n<\/li>\n<\/ul>\n<\/div>\n<\/div>\n\n\n\n<\/div>\r\n\r\n<\/div><\/div>\n<\/section>","protected":false},"excerpt":{"rendered":"<p>CUM LUCR\u0102M? Primul pas lorem ipsum lorem ipsum lorem ipsum Pasul doi lorem ipsum lorem ipsum lorem ipsum Pasul trei lorem ipsum lorem ipsum lorem ipsum M\u00c1RK &#8211; tradi\u021bie, calitate \u0219i tehnologii ultramoderne de prelucrare a lemnului M\u0103sur\u0103tori profesionale Oferte personalizate conform gusturilor dumneavoastr\u0103 Produc\u021bie conform celor mai \u00eenalte standarde Planificarea momentului livr\u0103rii Livrarea produselor [&hellip;]<\/p>","protected":false},"author":1,"featured_media":0,"parent":0,"menu_order":0,"comment_status":"closed","ping_status":"closed","template":"","meta":{"_breakdance_hide_in_design_set":false,"_breakdance_tags":"","footnotes":""},"_links":{"self":[{"href":"https:\/\/mark.highsoft.ro\/hu\/wp-json\/wp\/v2\/pages\/14"}],"collection":[{"href":"https:\/\/mark.highsoft.ro\/hu\/wp-json\/wp\/v2\/pages"}],"about":[{"href":"https:\/\/mark.highsoft.ro\/hu\/wp-json\/wp\/v2\/types\/page"}],"author":[{"embeddable":true,"href":"https:\/\/mark.highsoft.ro\/hu\/wp-json\/wp\/v2\/users\/1"}],"replies":[{"embeddable":true,"href":"https:\/\/mark.highsoft.ro\/hu\/wp-json\/wp\/v2\/comments?post=14"}],"version-history":[{"count":23,"href":"https:\/\/mark.highsoft.ro\/hu\/wp-json\/wp\/v2\/pages\/14\/revisions"}],"predecessor-version":[{"id":176,"href":"https:\/\/mark.highsoft.ro\/hu\/wp-json\/wp\/v2\/pages\/14\/revisions\/176"}],"wp:attachment":[{"href":"https:\/\/mark.highsoft.ro\/hu\/wp-json\/wp\/v2\/media?parent=14"}],"curies":[{"name":"wp","href":"https:\/\/api.w.org\/{rel}","templated":true}]}}