{"id":131,"date":"2024-06-24T10:53:03","date_gmt":"2024-06-24T10:53:03","guid":{"rendered":"https:\/\/mark.highsoft.ro\/?page_id=131"},"modified":"2024-06-24T12:35:03","modified_gmt":"2024-06-24T12:35:03","slug":"despre-mark","status":"publish","type":"page","link":"https:\/\/mark.highsoft.ro\/hu\/despre-mark\/","title":{"rendered":"Despre MARK"},"content":{"rendered":"<section class=\"bde-section-131-100 bde-section\">\n  \n\t\n\n\n\n<div class=\"section-container\"><div class=\"bde-image-131-101 bde-image\">\n  \n\n\n\n\n\n<figure class=\"breakdance-image breakdance-image--134\">\n\t<div class=\"breakdance-image-container\">\n\t\t<div class=\"breakdance-image-clip\">\n\t\t\t\n\t\t\t\t\n\t\t\t\t\t      \n  \n  \n  \n  \n      \n      <img loading=\"lazy\" decoding=\"async\"\n      class=\"breakdance-image-object\"\n      src=\"https:\/\/mark.highsoft.ro\/wp-content\/uploads\/2024\/06\/about-mark-photo.png\"\n      width=\"1486\"\n      height=\"572\"\n      \n      \n                                    srcset=\"https:\/\/mark.highsoft.ro\/wp-content\/uploads\/2024\/06\/about-mark-photo.png 1486w, https:\/\/mark.highsoft.ro\/wp-content\/uploads\/2024\/06\/about-mark-photo-300x115.png 300w, https:\/\/mark.highsoft.ro\/wp-content\/uploads\/2024\/06\/about-mark-photo-1024x394.png 1024w, https:\/\/mark.highsoft.ro\/wp-content\/uploads\/2024\/06\/about-mark-photo-768x296.png 768w, https:\/\/mark.highsoft.ro\/wp-content\/uploads\/2024\/06\/about-mark-photo-18x7.png 18w\"\n                                                                      >\n  \n\n\t\t\t\t\t\n\t\t\t\t\t\t<\/div>\n\t<\/div>\n\n\t<\/figure>\n\n<\/div><\/div>\n<\/section><section class=\"bde-section-131-102 bde-section\">\n  \n\t\n\n\n\n<div class=\"section-container\"><h1 class=\"bde-heading-131-103 bde-heading\">\nM\u00c1RK - tradi\u021bie, calitate \u0219i tehnologii ultramoderne de prelucrare a lemnului\n<\/h1><div class=\"bde-columns-131-104 bde-columns\"><div class=\"bde-column-131-105 bde-column\">\n  \n\t\n\n\n\n<div class=\"bde-icon-list-131-106 bde-icon-list\">\n<ul>\n  \n              \n    <li>\n              <div class='bde-icon-list__item-wrapper'>\n      \n      <span class='bde-icon-list__icon'>\n        <svg xmlns=\"http:\/\/www.w3.org\/2000\/svg\" viewbox=\"0 0 512 512\"><!-- Font Awesome Free 5.15.1 by @fontawesome - https:\/\/fontawesome.com License - https:\/\/fontawesome.com\/license\/free (Icons: CC BY 4.0, Fonts: SIL OFL 1.1, Code: MIT License) --><path d=\"M512 512H0V0h512v512z\"\/><\/svg>\n      <\/span>\n      <span class='bde-icon-list__text' >\n      Calitate excelent\u0103\n      <\/span>\n              <\/div>\n      \n    <\/li>\n\n  \n              \n    <li>\n              <div class='bde-icon-list__item-wrapper'>\n      \n      <span class='bde-icon-list__icon'>\n        <svg xmlns=\"http:\/\/www.w3.org\/2000\/svg\" viewbox=\"0 0 512 512\"><!-- Font Awesome Free 5.15.1 by @fontawesome - https:\/\/fontawesome.com License - https:\/\/fontawesome.com\/license\/free (Icons: CC BY 4.0, Fonts: SIL OFL 1.1, Code: MIT License) --><path d=\"M512 512H0V0h512v512z\"\/><\/svg>\n      <\/span>\n      <span class='bde-icon-list__text' >\n      Elegan\u021ba formelor\n      <\/span>\n              <\/div>\n      \n    <\/li>\n\n  <\/ul>\n\n<\/div>\n<\/div><div class=\"bde-column-131-107 bde-column\">\n  \n\t\n\n\n\n<div class=\"bde-icon-list-131-108 bde-icon-list\">\n<ul>\n  \n              \n    <li>\n              <div class='bde-icon-list__item-wrapper'>\n      \n      <span class='bde-icon-list__icon'>\n        <svg xmlns=\"http:\/\/www.w3.org\/2000\/svg\" viewbox=\"0 0 512 512\"><!-- Font Awesome Free 5.15.1 by @fontawesome - https:\/\/fontawesome.com License - https:\/\/fontawesome.com\/license\/free (Icons: CC BY 4.0, Fonts: SIL OFL 1.1, Code: MIT License) --><path d=\"M512 512H0V0h512v512z\"\/><\/svg>\n      <\/span>\n      <span class='bde-icon-list__text' >\n      Izola\u021bie termic\u0103 \u0219i fonic\u0103 excep\u021bional\u0103\n      <\/span>\n              <\/div>\n      \n    <\/li>\n\n  \n              \n    <li>\n              <div class='bde-icon-list__item-wrapper'>\n      \n      <span class='bde-icon-list__icon'>\n        <svg xmlns=\"http:\/\/www.w3.org\/2000\/svg\" viewbox=\"0 0 512 512\"><!-- Font Awesome Free 5.15.1 by @fontawesome - https:\/\/fontawesome.com License - https:\/\/fontawesome.com\/license\/free (Icons: CC BY 4.0, Fonts: SIL OFL 1.1, Code: MIT License) --><path d=\"M512 512H0V0h512v512z\"\/><\/svg>\n      <\/span>\n      <span class='bde-icon-list__text' >\n      Lemn laminat de \u00eenalt\u0103 calitate\n      <\/span>\n              <\/div>\n      \n    <\/li>\n\n  <\/ul>\n\n<\/div>\n<\/div><\/div><\/div>\n<\/section><section class=\"bde-section-131-109 bde-section\">\n  \n\t\n\n\n\n<div class=\"section-container\"><h1 class=\"bde-heading-131-110 bde-heading\">\nREPERELE NOASTRE\n<\/h1><div class=\"bde-columns-131-115 bde-columns\"><div class=\"bde-column-131-116 bde-column\">\n  \n\t\n\n\n\n<div class=\"bde-text-131-121 bde-text\">\nComplex vinicol, linie modern\u0103 cu solu\u021bii unice \u0219i speciale, esen\u021bialmente cu ferestre \u0219i u\u0219i din Meranti\n<\/div><div class=\"bde-columns-131-128 bde-columns\"><div class=\"bde-column-131-129 bde-column\">\n  \n\t\n\n\n\n\n<\/div><div class=\"bde-column-131-130 bde-column\">\n  \n\t\n\n\n\n\n<\/div><div class=\"bde-column-131-131 bde-column\">\n  \n\t\n\n\n\n<div class=\"bde-text-131-132 bde-text\">\n1990\n<\/div>\n<\/div><\/div>\n<\/div><div class=\"bde-column-131-117 bde-column\">\n  \n\t\n\n\n\n<div class=\"bde-image-131-123 bde-image\">\n  \n\n\n\n\n\n<figure class=\"breakdance-image breakdance-image--136\">\n\t<div class=\"breakdance-image-container\">\n\t\t<div class=\"breakdance-image-clip\">\n\t\t\t\n\t\t\t\t\n\t\t\t\t\t      \n  \n  \n  \n  \n      \n      <img loading=\"lazy\" decoding=\"async\"\n      class=\"breakdance-image-object\"\n      src=\"https:\/\/mark.highsoft.ro\/wp-content\/uploads\/2024\/06\/about-mark-1990.png\"\n      width=\"643\"\n      height=\"386\"\n      \n      \n                                    srcset=\"https:\/\/mark.highsoft.ro\/wp-content\/uploads\/2024\/06\/about-mark-1990.png 643w, https:\/\/mark.highsoft.ro\/wp-content\/uploads\/2024\/06\/about-mark-1990-300x180.png 300w, https:\/\/mark.highsoft.ro\/wp-content\/uploads\/2024\/06\/about-mark-1990-18x12.png 18w\"\n                                                                      >\n  \n\n\t\t\t\t\t\n\t\t\t\t\t\t<\/div>\n\t<\/div>\n\n\t<\/figure>\n\n<\/div>\n<\/div><\/div><div class=\"bde-columns-131-143 bde-columns\"><div class=\"bde-column-131-144 bde-column\">\n  \n\t\n\n\n\n<div class=\"bde-text-131-145 bde-text\">\nComplex vinicol, linie modern\u0103 cu solu\u021bii unice \u0219i speciale, esen\u021bialmente cu ferestre \u0219i u\u0219i din Meranti\n<\/div><div class=\"bde-columns-131-146 bde-columns\"><div class=\"bde-column-131-147 bde-column\">\n  \n\t\n\n\n\n\n<\/div><div class=\"bde-column-131-148 bde-column\">\n  \n\t\n\n\n\n\n<\/div><div class=\"bde-column-131-149 bde-column\">\n  \n\t\n\n\n\n<div class=\"bde-text-131-150 bde-text\">\n1990\n<\/div>\n<\/div><\/div>\n<\/div><div class=\"bde-column-131-151 bde-column\">\n  \n\t\n\n\n\n<div class=\"bde-image-131-152 bde-image\">\n  \n\n\n\n\n\n<figure class=\"breakdance-image breakdance-image--136\">\n\t<div class=\"breakdance-image-container\">\n\t\t<div class=\"breakdance-image-clip\">\n\t\t\t\n\t\t\t\t\n\t\t\t\t\t      \n  \n  \n  \n  \n      \n      <img loading=\"lazy\" decoding=\"async\"\n      class=\"breakdance-image-object\"\n      src=\"https:\/\/mark.highsoft.ro\/wp-content\/uploads\/2024\/06\/about-mark-1990.png\"\n      width=\"643\"\n      height=\"386\"\n      \n      \n                                    srcset=\"https:\/\/mark.highsoft.ro\/wp-content\/uploads\/2024\/06\/about-mark-1990.png 643w, https:\/\/mark.highsoft.ro\/wp-content\/uploads\/2024\/06\/about-mark-1990-300x180.png 300w, https:\/\/mark.highsoft.ro\/wp-content\/uploads\/2024\/06\/about-mark-1990-18x12.png 18w\"\n                                                                      >\n  \n\n\t\t\t\t\t\n\t\t\t\t\t\t<\/div>\n\t<\/div>\n\n\t<\/figure>\n\n<\/div>\n<\/div><\/div><div class=\"bde-columns-131-133 bde-columns\"><div class=\"bde-column-131-134 bde-column\">\n  \n\t\n\n\n\n<div class=\"bde-text-131-135 bde-text\">\n...\n<\/div><div class=\"bde-columns-131-136 bde-columns\"><div class=\"bde-column-131-137 bde-column\">\n  \n\t\n\n\n\n\n<\/div><div class=\"bde-column-131-138 bde-column\">\n  \n\t\n\n\n\n\n<\/div><div class=\"bde-column-131-139 bde-column\">\n  \n\t\n\n\n\n<div class=\"bde-text-131-140 bde-text\">\n...\n<\/div>\n<\/div><\/div>\n<\/div><div class=\"bde-column-131-141 bde-column\">\n  \n\t\n\n\n\n<div class=\"bde-image-131-142 bde-image\">\n  \n\n\n\n\n\n<figure class=\"breakdance-image breakdance-image--136\">\n\t<div class=\"breakdance-image-container\">\n\t\t<div class=\"breakdance-image-clip\">\n\t\t\t\n\t\t\t\t\n\t\t\t\t\t      \n  \n  \n  \n  \n      \n      <img loading=\"lazy\" decoding=\"async\"\n      class=\"breakdance-image-object\"\n      src=\"https:\/\/mark.highsoft.ro\/wp-content\/uploads\/2024\/06\/about-mark-1990.png\"\n      width=\"643\"\n      height=\"386\"\n      \n      \n                                    srcset=\"https:\/\/mark.highsoft.ro\/wp-content\/uploads\/2024\/06\/about-mark-1990.png 643w, https:\/\/mark.highsoft.ro\/wp-content\/uploads\/2024\/06\/about-mark-1990-300x180.png 300w, https:\/\/mark.highsoft.ro\/wp-content\/uploads\/2024\/06\/about-mark-1990-18x12.png 18w\"\n                                                                      >\n  \n\n\t\t\t\t\t\n\t\t\t\t\t\t<\/div>\n\t<\/div>\n\n\t<\/figure>\n\n<\/div>\n<\/div><\/div><\/div>\n<\/section>","protected":false},"excerpt":{"rendered":"<p>M\u00c1RK &#8211; tradi\u021bie, calitate \u0219i tehnologii ultramoderne de prelucrare a lemnului Calitate excelent\u0103 Elegan\u021ba formelor Izola\u021bie termic\u0103 \u0219i fonic\u0103 excep\u021bional\u0103 Lemn laminat de \u00eenalt\u0103 calitate REPERELE NOASTRE Complex vinicol, linie modern\u0103 cu solu\u021bii unice \u0219i speciale, esen\u021bialmente cu ferestre \u0219i u\u0219i din Meranti 1990 Complex vinicol, linie modern\u0103 cu solu\u021bii unice \u0219i speciale, esen\u021bialmente cu [&hellip;]<\/p>","protected":false},"author":1,"featured_media":0,"parent":0,"menu_order":0,"comment_status":"closed","ping_status":"closed","template":"","meta":{"_breakdance_hide_in_design_set":false,"_breakdance_tags":"","footnotes":""},"_links":{"self":[{"href":"https:\/\/mark.highsoft.ro\/hu\/wp-json\/wp\/v2\/pages\/131"}],"collection":[{"href":"https:\/\/mark.highsoft.ro\/hu\/wp-json\/wp\/v2\/pages"}],"about":[{"href":"https:\/\/mark.highsoft.ro\/hu\/wp-json\/wp\/v2\/types\/page"}],"author":[{"embeddable":true,"href":"https:\/\/mark.highsoft.ro\/hu\/wp-json\/wp\/v2\/users\/1"}],"replies":[{"embeddable":true,"href":"https:\/\/mark.highsoft.ro\/hu\/wp-json\/wp\/v2\/comments?post=131"}],"version-history":[{"count":12,"href":"https:\/\/mark.highsoft.ro\/hu\/wp-json\/wp\/v2\/pages\/131\/revisions"}],"predecessor-version":[{"id":182,"href":"https:\/\/mark.highsoft.ro\/hu\/wp-json\/wp\/v2\/pages\/131\/revisions\/182"}],"wp:attachment":[{"href":"https:\/\/mark.highsoft.ro\/hu\/wp-json\/wp\/v2\/media?parent=131"}],"curies":[{"name":"wp","href":"https:\/\/api.w.org\/{rel}","templated":true}]}}