{"id":122,"date":"2024-06-24T10:41:40","date_gmt":"2024-06-24T10:41:40","guid":{"rendered":"https:\/\/mark.highsoft.ro\/?page_id=122"},"modified":"2024-06-25T14:50:54","modified_gmt":"2024-06-25T14:50:54","slug":"articole-mark","status":"publish","type":"page","link":"https:\/\/mark.highsoft.ro\/hu\/articole-mark\/","title":{"rendered":"Articole MARK"},"content":{"rendered":"<section class=\"bde-section-122-100 bde-section\">\n  \n\t\n\n\n\n<div class=\"section-container\"><h2 class=\"bde-heading-122-101 bde-heading\">\nARTICOLE\n<\/h2><div class=\"bde-columns-122-137 bde-columns\"><div class=\"bde-column-122-138 bde-column\">\n  \n\t\n\n\n\n<div class=\"bde-image-122-118 bde-image\">\n  \n\n\n\n\n\n<figure class=\"breakdance-image breakdance-image--36\">\n\t<div class=\"breakdance-image-container\">\n\t\t<div class=\"breakdance-image-clip\">\n\t\t\t\t\t\t<a class=\"breakdance-image-link breakdance-image-link--url\" href=\"https:\/\/mark.highsoft.ro\/hu\/experienta-holz-center\/\" target=\"_self\" rel=\"noopener\" data-sub-html=\"\" data-lg-size=\"-\">\n\t\t\t\t\n\t\t\t\t\n\t\t\t\t\t      \n  \n  \n  \n  \n      \n      <img loading=\"lazy\" decoding=\"async\"\n      class=\"breakdance-image-object\"\n      src=\"https:\/\/mark.highsoft.ro\/wp-content\/uploads\/2024\/05\/mark-ablak-sample-300x200.jpg\"\n      width=\"300\"\n      height=\"200\"\n      \n      \n                                    srcset=\"https:\/\/mark.highsoft.ro\/wp-content\/uploads\/2024\/05\/mark-ablak-sample-300x200.jpg 300w, https:\/\/mark.highsoft.ro\/wp-content\/uploads\/2024\/05\/mark-ablak-sample-1024x683.jpg 1024w, https:\/\/mark.highsoft.ro\/wp-content\/uploads\/2024\/05\/mark-ablak-sample-768x512.jpg 768w, https:\/\/mark.highsoft.ro\/wp-content\/uploads\/2024\/05\/mark-ablak-sample-1536x1025.jpg 1536w, https:\/\/mark.highsoft.ro\/wp-content\/uploads\/2024\/05\/mark-ablak-sample.jpg 2048w\"\n                                                                      >\n  \n\n\t\t\t\t\t\n\t\t\t\t\t\t\t<\/a>\n\t\t\t\t\t<\/div>\n\t<\/div>\n\n\t<\/figure>\n\n<\/div><h2 class=\"bde-heading-122-119 bde-heading\">\nExperien\u021ba MARK Holz Center<br>\n<\/h2><div class=\"bde-text-122-124 bde-text\">\nAvem peste 220 ani de experien\u021b\u0103 \u00een prelucrarea la calitate superioar\u0103 a lemnului.\n<\/div>\n<\/div><div class=\"bde-column-122-139 bde-column\">\n  \n\t\n\n\n\n<div class=\"bde-image-122-125 bde-image\">\n  \n\n\n\n\n\n<figure class=\"breakdance-image breakdance-image--36\">\n\t<div class=\"breakdance-image-container\">\n\t\t<div class=\"breakdance-image-clip\">\n\t\t\t\n\t\t\t\t\n\t\t\t\t\t      \n  \n  \n  \n  \n      \n      <img loading=\"lazy\" decoding=\"async\"\n      class=\"breakdance-image-object\"\n      src=\"https:\/\/mark.highsoft.ro\/wp-content\/uploads\/2024\/05\/mark-ablak-sample-300x200.jpg\"\n      width=\"300\"\n      height=\"200\"\n      \n      \n                                    srcset=\"https:\/\/mark.highsoft.ro\/wp-content\/uploads\/2024\/05\/mark-ablak-sample-300x200.jpg 300w, https:\/\/mark.highsoft.ro\/wp-content\/uploads\/2024\/05\/mark-ablak-sample-1024x683.jpg 1024w, https:\/\/mark.highsoft.ro\/wp-content\/uploads\/2024\/05\/mark-ablak-sample-768x512.jpg 768w, https:\/\/mark.highsoft.ro\/wp-content\/uploads\/2024\/05\/mark-ablak-sample-1536x1025.jpg 1536w, https:\/\/mark.highsoft.ro\/wp-content\/uploads\/2024\/05\/mark-ablak-sample.jpg 2048w\"\n                                                                      >\n  \n\n\t\t\t\t\t\n\t\t\t\t\t\t<\/div>\n\t<\/div>\n\n\t<\/figure>\n\n<\/div><h2 class=\"bde-heading-122-126 bde-heading\">\nExperien\u021ba MARK Holz Center<br>\n<\/h2><div class=\"bde-text-122-127 bde-text\">\nAvem peste 220 ani de experien\u021b\u0103 \u00een prelucrarea la calitate superioar\u0103 a lemnului.\n<\/div>\n<\/div><div class=\"bde-column-122-140 bde-column\">\n  \n\t\n\n\n\n<div class=\"bde-image-122-130 bde-image\">\n  \n\n\n\n\n\n<figure class=\"breakdance-image breakdance-image--36\">\n\t<div class=\"breakdance-image-container\">\n\t\t<div class=\"breakdance-image-clip\">\n\t\t\t\n\t\t\t\t\n\t\t\t\t\t      \n  \n  \n  \n  \n      \n      <img loading=\"lazy\" decoding=\"async\"\n      class=\"breakdance-image-object\"\n      src=\"https:\/\/mark.highsoft.ro\/wp-content\/uploads\/2024\/05\/mark-ablak-sample-300x200.jpg\"\n      width=\"300\"\n      height=\"200\"\n      \n      \n                                    srcset=\"https:\/\/mark.highsoft.ro\/wp-content\/uploads\/2024\/05\/mark-ablak-sample-300x200.jpg 300w, https:\/\/mark.highsoft.ro\/wp-content\/uploads\/2024\/05\/mark-ablak-sample-1024x683.jpg 1024w, https:\/\/mark.highsoft.ro\/wp-content\/uploads\/2024\/05\/mark-ablak-sample-768x512.jpg 768w, https:\/\/mark.highsoft.ro\/wp-content\/uploads\/2024\/05\/mark-ablak-sample-1536x1025.jpg 1536w, https:\/\/mark.highsoft.ro\/wp-content\/uploads\/2024\/05\/mark-ablak-sample.jpg 2048w\"\n                                                                      >\n  \n\n\t\t\t\t\t\n\t\t\t\t\t\t<\/div>\n\t<\/div>\n\n\t<\/figure>\n\n<\/div><h2 class=\"bde-heading-122-131 bde-heading\">\nExperien\u021ba MARK Holz Center<br>\n<\/h2><div class=\"bde-text-122-132 bde-text\">\nAvem peste 220 ani de experien\u021b\u0103 \u00een prelucrarea la calitate superioar\u0103 a lemnului.\n<\/div>\n<\/div><\/div><\/div>\n<\/section>","protected":false},"excerpt":{"rendered":"<p>ARTICOLE Experien\u021ba MARK Holz Center Avem peste 220 ani de experien\u021b\u0103 \u00een prelucrarea la calitate superioar\u0103 a lemnului. Experien\u021ba MARK Holz Center Avem peste 220 ani de experien\u021b\u0103 \u00een prelucrarea la calitate superioar\u0103 a lemnului. Experien\u021ba MARK Holz Center Avem peste 220 ani de experien\u021b\u0103 \u00een prelucrarea la calitate superioar\u0103 a lemnului.<\/p>","protected":false},"author":1,"featured_media":0,"parent":0,"menu_order":0,"comment_status":"closed","ping_status":"closed","template":"","meta":{"_breakdance_hide_in_design_set":false,"_breakdance_tags":"","footnotes":""},"_links":{"self":[{"href":"https:\/\/mark.highsoft.ro\/hu\/wp-json\/wp\/v2\/pages\/122"}],"collection":[{"href":"https:\/\/mark.highsoft.ro\/hu\/wp-json\/wp\/v2\/pages"}],"about":[{"href":"https:\/\/mark.highsoft.ro\/hu\/wp-json\/wp\/v2\/types\/page"}],"author":[{"embeddable":true,"href":"https:\/\/mark.highsoft.ro\/hu\/wp-json\/wp\/v2\/users\/1"}],"replies":[{"embeddable":true,"href":"https:\/\/mark.highsoft.ro\/hu\/wp-json\/wp\/v2\/comments?post=122"}],"version-history":[{"count":7,"href":"https:\/\/mark.highsoft.ro\/hu\/wp-json\/wp\/v2\/pages\/122\/revisions"}],"predecessor-version":[{"id":262,"href":"https:\/\/mark.highsoft.ro\/hu\/wp-json\/wp\/v2\/pages\/122\/revisions\/262"}],"wp:attachment":[{"href":"https:\/\/mark.highsoft.ro\/hu\/wp-json\/wp\/v2\/media?parent=122"}],"curies":[{"name":"wp","href":"https:\/\/api.w.org\/{rel}","templated":true}]}}