{"id":106,"date":"2024-06-24T09:34:55","date_gmt":"2024-06-24T09:34:55","guid":{"rendered":"https:\/\/mark.highsoft.ro\/?page_id=106"},"modified":"2024-06-25T14:56:02","modified_gmt":"2024-06-25T14:56:02","slug":"contact-mark","status":"publish","type":"page","link":"https:\/\/mark.highsoft.ro\/hu\/contact-mark\/","title":{"rendered":"Contact MARK"},"content":{"rendered":"<section class=\"bde-section-106-100 bde-section\">\n  \n\t\n\n\n\n<div class=\"section-container\"><h2 class=\"bde-heading-106-101 bde-heading\">\nCONTACT\n<\/h2><div class=\"bde-columns-106-102 bde-columns\"><div class=\"bde-column-106-103 bde-column\">\n  \n\t\n\n\n\n<div class=\"bde-image-106-107 bde-image\">\n  \n\n\n\n\n\n<figure class=\"breakdance-image breakdance-image--111\">\n\t<div class=\"breakdance-image-container\">\n\t\t<div class=\"breakdance-image-clip\">\n\t\t\t\n\t\t\t\t\n\t\t\t\t\t      \n  \n  \n  \n  \n      \n      <img loading=\"lazy\" decoding=\"async\"\n      class=\"breakdance-image-object\"\n      src=\"https:\/\/mark.highsoft.ro\/wp-content\/uploads\/2024\/06\/contact-mark-pin.png\"\n      width=\"131\"\n      height=\"97\"\n      \n      \n                                    srcset=\"https:\/\/mark.highsoft.ro\/wp-content\/uploads\/2024\/06\/contact-mark-pin.png 131w, https:\/\/mark.highsoft.ro\/wp-content\/uploads\/2024\/06\/contact-mark-pin-16x12.png 16w\"\n                                                                      >\n  \n\n\t\t\t\t\t\n\t\t\t\t\t\t<\/div>\n\t<\/div>\n\n\t<\/figure>\n\n<\/div><div class=\"bde-text-106-112 bde-text\">\nPlatforma de produc\u021bie: Peri\u0219 - com. Gorne\u0219ti, nr. 75, jud. Mure\u0219\n<\/div>\n<\/div><div class=\"bde-column-106-104 bde-column\">\n  \n\t\n\n\n\n<div class=\"bde-image-106-108 bde-image\">\n  \n\n\n\n\n\n<figure class=\"breakdance-image breakdance-image--110\">\n\t<div class=\"breakdance-image-container\">\n\t\t<div class=\"breakdance-image-clip\">\n\t\t\t\n\t\t\t\t\n\t\t\t\t\t      \n  \n  \n  \n  \n      \n      <img loading=\"lazy\" decoding=\"async\"\n      class=\"breakdance-image-object\"\n      src=\"https:\/\/mark.highsoft.ro\/wp-content\/uploads\/2024\/06\/contact-mark-phone.png\"\n      width=\"131\"\n      height=\"97\"\n      \n      \n                                    srcset=\"https:\/\/mark.highsoft.ro\/wp-content\/uploads\/2024\/06\/contact-mark-phone.png 131w, https:\/\/mark.highsoft.ro\/wp-content\/uploads\/2024\/06\/contact-mark-phone-16x12.png 16w\"\n                                                                      >\n  \n\n\t\t\t\t\t\n\t\t\t\t\t\t<\/div>\n\t<\/div>\n\n\t<\/figure>\n\n<\/div><div class=\"bde-text-106-111 bde-text\">\nTel. secretariat: <br>(+40) 736999099<br>(+40) 773773742\n<\/div>\n<\/div><div class=\"bde-column-106-105 bde-column\">\n  \n\t\n\n\n\n<div class=\"bde-image-106-109 bde-image\">\n  \n\n\n\n\n\n<figure class=\"breakdance-image breakdance-image--109\">\n\t<div class=\"breakdance-image-container\">\n\t\t<div class=\"breakdance-image-clip\">\n\t\t\t\n\t\t\t\t\n\t\t\t\t\t      \n  \n  \n  \n  \n      \n      <img loading=\"lazy\" decoding=\"async\"\n      class=\"breakdance-image-object\"\n      src=\"https:\/\/mark.highsoft.ro\/wp-content\/uploads\/2024\/06\/contact-mark-mail.png\"\n      width=\"131\"\n      height=\"97\"\n      \n      \n                                    srcset=\"https:\/\/mark.highsoft.ro\/wp-content\/uploads\/2024\/06\/contact-mark-mail.png 131w, https:\/\/mark.highsoft.ro\/wp-content\/uploads\/2024\/06\/contact-mark-mail-16x12.png 16w\"\n                                                                      >\n  \n\n\t\t\t\t\t\n\t\t\t\t\t\t<\/div>\n\t<\/div>\n\n\t<\/figure>\n\n<\/div><div class=\"bde-text-106-113 bde-text\">\nE-mail:<br>office@markholz.ro<br>sales@markholz.ro\n<\/div>\n<\/div><div class=\"bde-column-106-106 bde-column\">\n  \n\t\n\n\n\n<div class=\"bde-image-106-110 bde-image\">\n  \n\n\n\n\n\n<figure class=\"breakdance-image breakdance-image--108\">\n\t<div class=\"breakdance-image-container\">\n\t\t<div class=\"breakdance-image-clip\">\n\t\t\t\n\t\t\t\t\n\t\t\t\t\t      \n  \n  \n  \n  \n      \n      <img loading=\"lazy\" decoding=\"async\"\n      class=\"breakdance-image-object\"\n      src=\"https:\/\/mark.highsoft.ro\/wp-content\/uploads\/2024\/06\/contact-mark-yt.png\"\n      width=\"131\"\n      height=\"97\"\n      \n      \n                                    srcset=\"https:\/\/mark.highsoft.ro\/wp-content\/uploads\/2024\/06\/contact-mark-yt.png 131w, https:\/\/mark.highsoft.ro\/wp-content\/uploads\/2024\/06\/contact-mark-yt-16x12.png 16w\"\n                                                                      >\n  \n\n\t\t\t\t\t\n\t\t\t\t\t\t<\/div>\n\t<\/div>\n\n\t<\/figure>\n\n<\/div><div class=\"bde-text-106-114 bde-text\">\nUrm\u0103ri\u021bi canalul <br>nostru pe<br>YouTube\n<\/div>\n<\/div><\/div><\/div>\n<\/section><section class=\"bde-section-106-161 bde-section\">\n  \n\t\n\n\n\n<div class=\"section-container\"><h2 class=\"bde-heading-106-162 bde-heading\">\nCONTACT\n<\/h2><div class=\"bde-columns-106-176 bde-columns\"><div class=\"bde-column-106-177 bde-column\">\n  \n\t\n\n\n\n<div class=\"bde-image-106-165 bde-image\">\n  \n\n\n\n\n\n<figure class=\"breakdance-image breakdance-image--111\">\n\t<div class=\"breakdance-image-container\">\n\t\t<div class=\"breakdance-image-clip\">\n\t\t\t\n\t\t\t\t\n\t\t\t\t\t      \n  \n  \n  \n  \n      \n      <img loading=\"lazy\" decoding=\"async\"\n      class=\"breakdance-image-object\"\n      src=\"https:\/\/mark.highsoft.ro\/wp-content\/uploads\/2024\/06\/contact-mark-pin.png\"\n      width=\"131\"\n      height=\"97\"\n      \n      \n                                    srcset=\"https:\/\/mark.highsoft.ro\/wp-content\/uploads\/2024\/06\/contact-mark-pin.png 131w, https:\/\/mark.highsoft.ro\/wp-content\/uploads\/2024\/06\/contact-mark-pin-16x12.png 16w\"\n                                                                      >\n  \n\n\t\t\t\t\t\n\t\t\t\t\t\t<\/div>\n\t<\/div>\n\n\t<\/figure>\n\n<\/div>\n<\/div><div class=\"bde-column-106-178 bde-column\">\n  \n\t\n\n\n\n<div class=\"bde-text-106-166 bde-text\">\nPlatforma de produc\u021bie: Peri\u0219 - com. Gorne\u0219ti, nr. 75, jud. Mure\u0219\n<\/div>\n<\/div><\/div><div class=\"bde-columns-106-179 bde-columns\"><div class=\"bde-column-106-180 bde-column\">\n  \n\t\n\n\n\n<div class=\"bde-image-106-168 bde-image\">\n  \n\n\n\n\n\n<figure class=\"breakdance-image breakdance-image--110\">\n\t<div class=\"breakdance-image-container\">\n\t\t<div class=\"breakdance-image-clip\">\n\t\t\t\n\t\t\t\t\n\t\t\t\t\t      \n  \n  \n  \n  \n      \n      <img loading=\"lazy\" decoding=\"async\"\n      class=\"breakdance-image-object\"\n      src=\"https:\/\/mark.highsoft.ro\/wp-content\/uploads\/2024\/06\/contact-mark-phone.png\"\n      width=\"131\"\n      height=\"97\"\n      \n      \n                                    srcset=\"https:\/\/mark.highsoft.ro\/wp-content\/uploads\/2024\/06\/contact-mark-phone.png 131w, https:\/\/mark.highsoft.ro\/wp-content\/uploads\/2024\/06\/contact-mark-phone-16x12.png 16w\"\n                                                                      >\n  \n\n\t\t\t\t\t\n\t\t\t\t\t\t<\/div>\n\t<\/div>\n\n\t<\/figure>\n\n<\/div>\n<\/div><div class=\"bde-column-106-182 bde-column\">\n  \n\t\n\n\n\n<div class=\"bde-text-106-169 bde-text\">\nTel. secretariat: <br>(+40) 736999099<br>(+40) 773773742\n<\/div>\n<\/div><\/div><div class=\"bde-columns-106-184 bde-columns\"><div class=\"bde-column-106-185 bde-column\">\n  \n\t\n\n\n\n<div class=\"bde-image-106-171 bde-image\">\n  \n\n\n\n\n\n<figure class=\"breakdance-image breakdance-image--109\">\n\t<div class=\"breakdance-image-container\">\n\t\t<div class=\"breakdance-image-clip\">\n\t\t\t\n\t\t\t\t\n\t\t\t\t\t      \n  \n  \n  \n  \n      \n      <img loading=\"lazy\" decoding=\"async\"\n      class=\"breakdance-image-object\"\n      src=\"https:\/\/mark.highsoft.ro\/wp-content\/uploads\/2024\/06\/contact-mark-mail.png\"\n      width=\"131\"\n      height=\"97\"\n      \n      \n                                    srcset=\"https:\/\/mark.highsoft.ro\/wp-content\/uploads\/2024\/06\/contact-mark-mail.png 131w, https:\/\/mark.highsoft.ro\/wp-content\/uploads\/2024\/06\/contact-mark-mail-16x12.png 16w\"\n                                                                      >\n  \n\n\t\t\t\t\t\n\t\t\t\t\t\t<\/div>\n\t<\/div>\n\n\t<\/figure>\n\n<\/div>\n<\/div><div class=\"bde-column-106-187 bde-column\">\n  \n\t\n\n\n\n<div class=\"bde-text-106-172 bde-text\">\nE-mail:<br>office@markholz.ro<br>sales@markholz.ro\n<\/div>\n<\/div><\/div><div class=\"bde-columns-106-189 bde-columns\"><div class=\"bde-column-106-190 bde-column\">\n  \n\t\n\n\n\n<div class=\"bde-image-106-174 bde-image\">\n  \n\n\n\n\n\n<figure class=\"breakdance-image breakdance-image--108\">\n\t<div class=\"breakdance-image-container\">\n\t\t<div class=\"breakdance-image-clip\">\n\t\t\t\n\t\t\t\t\n\t\t\t\t\t      \n  \n  \n  \n  \n      \n      <img loading=\"lazy\" decoding=\"async\"\n      class=\"breakdance-image-object\"\n      src=\"https:\/\/mark.highsoft.ro\/wp-content\/uploads\/2024\/06\/contact-mark-yt.png\"\n      width=\"131\"\n      height=\"97\"\n      \n      \n                                    srcset=\"https:\/\/mark.highsoft.ro\/wp-content\/uploads\/2024\/06\/contact-mark-yt.png 131w, https:\/\/mark.highsoft.ro\/wp-content\/uploads\/2024\/06\/contact-mark-yt-16x12.png 16w\"\n                                                                      >\n  \n\n\t\t\t\t\t\n\t\t\t\t\t\t<\/div>\n\t<\/div>\n\n\t<\/figure>\n\n<\/div>\n<\/div><div class=\"bde-column-106-192 bde-column\">\n  \n\t\n\n\n\n<div class=\"bde-text-106-175 bde-text\">\nUrm\u0103ri\u021bi canalul <br>nostru pe<br>YouTube\n<\/div>\n<\/div><\/div><\/div>\n<\/section><section class=\"bde-section-106-116 bde-section\">\n  \n\t\n\n\n\n<div class=\"section-container\"><div class=\"bde-form-builder-106-117 bde-form-builder\">\n\n\n<form id=\"contact-form117\" class=\"breakdance-form breakdance-form--vertical\" data-options=\"{&quot;slug&quot;:&quot;custom&quot;,&quot;name&quot;:&quot;Contact Form&quot;,&quot;ajaxUrl&quot;:&quot;https:\\\/\\\/mark.highsoft.ro\\\/wp-admin\\\/admin-ajax.php&quot;,&quot;clearOnSuccess&quot;:true,&quot;hideOnSuccess&quot;:false,&quot;successMessage&quot;:&quot;Mesajul t\\u0103u a fost trimis cu succes! O persoan\\u0103 din echipa noastr\\u0103 va lua leg\\u0103tura cu dvs. \\u00een cel mai scurt timp posibil.&quot;,&quot;errorMessage&quot;:&quot;Mesajul nu a fost trimis!&quot;,&quot;redirect&quot;:false,&quot;redirectUrl&quot;:&quot;&quot;,&quot;customJavaScript&quot;:&quot;&quot;,&quot;recaptcha&quot;:{&quot;key&quot;:&quot;&quot;,&quot;enabled&quot;:true},&quot;honeypot_enabled&quot;:false,&quot;popupsOnSuccess&quot;:[],&quot;popupsOnError&quot;:[]}\" data-steps=\"0\" action=\"\" >\n  \n  \n  \n<div class=\"breakdance-form-field breakdance-form-field--text\" >\n    \n    \n            <label class=\"breakdance-form-field__label\" for=\"name\">\n            Nume<span class=\"breakdance-form-field__required\">*<\/span>\n        <\/label>\n    \n    <input\n    class=\"breakdance-form-field__input\"\n    id=\"name\"\n    aria-describedby=\"name\"\n    type=\"text\"\n    name=\"fields[name]\"\n    placeholder=\"\"\n    value=\"\"\n                \n        \n        \n    required\n>\n\n\n    \n    \n<\/div>\n\n\n<div class=\"breakdance-form-field breakdance-form-field--tel\" >\n    \n    \n            <label class=\"breakdance-form-field__label\" for=\"email\">\n            Num\u0103r telefon<span class=\"breakdance-form-field__required\">*<\/span>\n        <\/label>\n    \n    <input\n    class=\"breakdance-form-field__input\"\n    id=\"email\"\n    aria-describedby=\"email\"\n    type=\"tel\"\n    name=\"fields[email]\"\n    placeholder=\"\"\n    value=\"\"\n                \n        \n        \n    required\n>\n\n\n    \n    \n<\/div>\n\n\n<div class=\"breakdance-form-field breakdance-form-field--email\" >\n    \n    \n            <label class=\"breakdance-form-field__label\" for=\"ktzing\">\n            Adres\u0103 de E-mail\n        <\/label>\n    \n    <input\n    class=\"breakdance-form-field__input\"\n    id=\"ktzing\"\n    aria-describedby=\"ktzing\"\n    type=\"email\"\n    name=\"fields[ktzing]\"\n    placeholder=\"\"\n    value=\"\"\n                \n        \n        \n    \n    \n    \n>\n\n\n    \n    \n<\/div>\n\n\n<div class=\"breakdance-form-field breakdance-form-field--select\" >\n    \n    \n            <label class=\"breakdance-form-field__label\" for=\"vsssmp\">\n            Tipul mesajului\n        <\/label>\n    \n    <select\n    class=\"breakdance-form-field__input\"\n    id=\"vsssmp\"\n    name=\"fields[vsssmp]\"\n    \n    \n        >\n      <option value=\"\">Select...<\/option>\n          <option value=\"Client final\" selected>Client final<\/option>\n        <option value=\"Proiectant\" selected>Proiectant<\/option>\n        <option value=\"Executant\" selected>Executant<\/option>\n  <\/select>\n\n\n    \n    \n<\/div>\n\n\n<div class=\"breakdance-form-field breakdance-form-field--textarea\" >\n    \n    \n            <label class=\"breakdance-form-field__label\" for=\"message\">\n            Mesaj<span class=\"breakdance-form-field__required\">*<\/span>\n        <\/label>\n    \n    <textarea\n    class=\"breakdance-form-field__input\"\n    id=\"message\"\n    aria-describedby=\"message\"\n    type=\"textarea\"\n    name=\"fields[message]\"\n        placeholder=\"\"\n    required\n>\n<\/textarea>\n\n\n    \n    \n<\/div>\n\n\n<div class=\"breakdance-form-field breakdance-form-field--checkbox\" >\n    \n    \n    \n    <fieldset role=\"group\"\n    >\n          <div class=\"breakdance-form-checkbox\">\n          <input\n              type=\"checkbox\"\n              name=\"fields[dcohkp]\"\n              value=\"\u00cen conformitate cu GDPR (Regulamentul general privind protec\u021bia datelor), \u00eemi dau consim\u021b\u0103m\u00e2ntul ca datele de contact furnizate \u00een acest formular s\u0103 fie prelucrate \u0219i stocate de Holz Center SRL.\"\n              id=\"dcohkp-1\"\n              \n                        >\n          <label class=\"breakdance-form-checkbox__text\" for=\"dcohkp-1\">\u00cen conformitate cu GDPR (Regulamentul general privind protec\u021bia datelor), \u00eemi dau consim\u021b\u0103m\u00e2ntul ca datele de contact furnizate \u00een acest formular s\u0103 fie prelucrate \u0219i stocate de Holz Center SRL.<\/label>\n      <\/div>\n  <\/fieldset>\n\n\n\n    \n    \n<\/div>\n\n\n  \n\n<div class=\"breakdance-form-field breakdance-form-footer\">\n    \n    \n                                    \n    \n    \n    \n    \n            \n            <button type=\"submit\" class=\"button-atom button-atom--primary breakdance-form-button breakdance-form-button__submit\"  >\n    \n        <span class=\"button-atom__text\">TRIMITE<\/span>\n\n        \n        \n            <\/button>\n    \n    <input type=\"hidden\" name=\"form_id\" value=\"117\">\n    <input type=\"hidden\" name=\"post_id\" value=\"106\">\n<\/div>\n\n  \n<input type=\"hidden\" name=\"trp-form-language\" value=\"hu\"\/><\/form>\n\n\n\n<\/div><\/div>\n<\/section><section class=\"bde-section-106-118 bde-section\">\n  \n\t\n\n\n\n<div class=\"section-container\"><h2 class=\"bde-heading-106-119 bde-heading\">\nAdres\u0103 Showroom T\u00e2rgu Mure\u0219, Bucure\u0219ti\n<\/h2><div class=\"bde-columns-106-121 bde-columns\"><div class=\"bde-column-106-122 bde-column\">\n  \n\t\n\n\n\n<div class=\"bde-google-map-106-124 bde-google-map\">\n\r\n<iframe width=\"100%\" height=\"100%\" style=\"border:0\" loading=\"lazy\" src=\"https:\/\/maps.google.com\/maps?q=Strada+Cernavod%C4%83+2%2C+T%C3%A2rgu+Mure%C8%99+540488&t=m&z=14&output=embed&iwloc=near\" allowfullscreen><\/iframe>\n\n<\/div>\n<\/div><div class=\"bde-column-106-123 bde-column\">\n  \n\t\n\n\n\n<div class=\"bde-google-map-106-120 bde-google-map\">\n\r\n<iframe width=\"100%\" height=\"100%\" style=\"border:0\" loading=\"lazy\" src=\"https:\/\/maps.google.com\/maps?q=Strada+Benjamin+Franklin+7%2C+Bucure%C8%99ti+030167&t=m&z=14&output=embed&iwloc=near\" allowfullscreen><\/iframe>\n\n<\/div>\n<\/div><\/div><\/div>\n<\/section><section class=\"bde-section-106-125 bde-section\">\n  \n\t\n\n\n\n<div class=\"section-container\"><div class=\"bde-columns-106-126 bde-columns\"><div class=\"bde-column-106-127 bde-column\">\n  \n\t\n\n\n\n<div class=\"bde-columns-106-132 bde-columns\"><div class=\"bde-column-106-133 bde-column\">\n  \n\t\n\n\n\n<div class=\"bde-image-106-135 bde-image\">\n  \n\n\n\n\n\n<figure class=\"breakdance-image breakdance-image--\">\n\t<div class=\"breakdance-image-container\">\n\t\t<div class=\"breakdance-image-clip\">\n\t\t\t\n\t\t\t\t\n\t\t\t\t\t      \n  \n  \n  \n  \n      \n      <img loading=\"lazy\" decoding=\"async\"\n      class=\"breakdance-image-object\"\n      src=\"data:image\/svg+xml;charset=UTF-8,%3csvg xmlns='http:\/\/www.w3.org\/2000\/svg' width='540' height='540' viewBox='0 0 140 140'%3e%3cpath d='M0 0h140v140H0z' fill='%23e5e7eb'\/%3e%3cpath d='M88 82.46H51.8v-4.52l6.74-6.74a1.13 1.13 0 011.6 0l5.23 5.23 12.76-12.77a1.13 1.13 0 011.6 0L88 71.91z' fill='%23e5e7eb'\/%3e%3cpath d='M89.48 52.32H50.29a4.52 4.52 0 00-4.52 4.52V84a4.53 4.53 0 004.52 4.52h39.19A4.52 4.52 0 0094 84V56.84a4.52 4.52 0 00-4.52-4.52zm-33.16 5.27a5.28 5.28 0 11-5.27 5.28 5.27 5.27 0 015.27-5.28zM88 82.46H51.8v-4.52l6.74-6.74a1.13 1.13 0 011.6 0l5.23 5.23 12.76-12.77a1.13 1.13 0 011.6 0L88 71.91z' fill='%23d1d5db'\/%3e%3c\/svg%3e\"\n      width=\"540\"\n      height=\"540\"\n      \n      \n          >\n  \n\n\t\t\t\t\t\n\t\t\t\t\t\t<\/div>\n\t<\/div>\n\n\t<\/figure>\n\n<\/div>\n<\/div><div class=\"bde-column-106-134 bde-column\">\n  \n\t\n\n\n\n<h3 class=\"bde-heading-106-136 bde-heading\">\nFogarassy Zsolt \n<\/h3><div class=\"bde-text-106-137 bde-text\">\nUgyvezeto, Alapito\n<\/div><a class=\"bde-text-link-106-139 bde-text-link breakdance-link\" href=\"mailto:fogarassy.zsolt@markholz.ro\" target=\"_self\" data-type=\"url\">\n  fogarassy.zsolt@markholz.ro\n\n<\/a>\n<\/div><\/div>\n<\/div><div class=\"bde-column-106-128 bde-column\">\n  \n\t\n\n\n\n<div class=\"bde-columns-106-140 bde-columns\"><div class=\"bde-column-106-141 bde-column\">\n  \n\t\n\n\n\n<div class=\"bde-image-106-142 bde-image\">\n  \n\n\n\n\n\n<figure class=\"breakdance-image breakdance-image--\">\n\t<div class=\"breakdance-image-container\">\n\t\t<div class=\"breakdance-image-clip\">\n\t\t\t\n\t\t\t\t\n\t\t\t\t\t      \n  \n  \n  \n  \n      \n      <img loading=\"lazy\" decoding=\"async\"\n      class=\"breakdance-image-object\"\n      src=\"data:image\/svg+xml;charset=UTF-8,%3csvg xmlns='http:\/\/www.w3.org\/2000\/svg' width='540' height='540' viewBox='0 0 140 140'%3e%3cpath d='M0 0h140v140H0z' fill='%23e5e7eb'\/%3e%3cpath d='M88 82.46H51.8v-4.52l6.74-6.74a1.13 1.13 0 011.6 0l5.23 5.23 12.76-12.77a1.13 1.13 0 011.6 0L88 71.91z' fill='%23e5e7eb'\/%3e%3cpath d='M89.48 52.32H50.29a4.52 4.52 0 00-4.52 4.52V84a4.53 4.53 0 004.52 4.52h39.19A4.52 4.52 0 0094 84V56.84a4.52 4.52 0 00-4.52-4.52zm-33.16 5.27a5.28 5.28 0 11-5.27 5.28 5.27 5.27 0 015.27-5.28zM88 82.46H51.8v-4.52l6.74-6.74a1.13 1.13 0 011.6 0l5.23 5.23 12.76-12.77a1.13 1.13 0 011.6 0L88 71.91z' fill='%23d1d5db'\/%3e%3c\/svg%3e\"\n      width=\"540\"\n      height=\"540\"\n      \n      \n          >\n  \n\n\t\t\t\t\t\n\t\t\t\t\t\t<\/div>\n\t<\/div>\n\n\t<\/figure>\n\n<\/div>\n<\/div><div class=\"bde-column-106-143 bde-column\">\n  \n\t\n\n\n\n<h3 class=\"bde-heading-106-144 bde-heading\">\nFogarassy Zsolt \n<\/h3><div class=\"bde-text-106-145 bde-text\">\nUgyvezeto, Alapito\n<\/div><a class=\"bde-text-link-106-146 bde-text-link breakdance-link\" href=\"mailto:fogarassy.zsolt@markholz.ro\" target=\"_self\" data-type=\"url\">\n  fogarassy.zsolt@markholz.ro\n\n<\/a>\n<\/div><\/div>\n<\/div><\/div><div class=\"bde-columns-106-129 bde-columns\"><div class=\"bde-column-106-130 bde-column\">\n  \n\t\n\n\n\n<div class=\"bde-columns-106-147 bde-columns\"><div class=\"bde-column-106-148 bde-column\">\n  \n\t\n\n\n\n<div class=\"bde-image-106-149 bde-image\">\n  \n\n\n\n\n\n<figure class=\"breakdance-image breakdance-image--\">\n\t<div class=\"breakdance-image-container\">\n\t\t<div class=\"breakdance-image-clip\">\n\t\t\t\n\t\t\t\t\n\t\t\t\t\t      \n  \n  \n  \n  \n      \n      <img loading=\"lazy\" decoding=\"async\"\n      class=\"breakdance-image-object\"\n      src=\"data:image\/svg+xml;charset=UTF-8,%3csvg xmlns='http:\/\/www.w3.org\/2000\/svg' width='540' height='540' viewBox='0 0 140 140'%3e%3cpath d='M0 0h140v140H0z' fill='%23e5e7eb'\/%3e%3cpath d='M88 82.46H51.8v-4.52l6.74-6.74a1.13 1.13 0 011.6 0l5.23 5.23 12.76-12.77a1.13 1.13 0 011.6 0L88 71.91z' fill='%23e5e7eb'\/%3e%3cpath d='M89.48 52.32H50.29a4.52 4.52 0 00-4.52 4.52V84a4.53 4.53 0 004.52 4.52h39.19A4.52 4.52 0 0094 84V56.84a4.52 4.52 0 00-4.52-4.52zm-33.16 5.27a5.28 5.28 0 11-5.27 5.28 5.27 5.27 0 015.27-5.28zM88 82.46H51.8v-4.52l6.74-6.74a1.13 1.13 0 011.6 0l5.23 5.23 12.76-12.77a1.13 1.13 0 011.6 0L88 71.91z' fill='%23d1d5db'\/%3e%3c\/svg%3e\"\n      width=\"540\"\n      height=\"540\"\n      \n      \n          >\n  \n\n\t\t\t\t\t\n\t\t\t\t\t\t<\/div>\n\t<\/div>\n\n\t<\/figure>\n\n<\/div>\n<\/div><div class=\"bde-column-106-150 bde-column\">\n  \n\t\n\n\n\n<h3 class=\"bde-heading-106-151 bde-heading\">\nFogarassy Zsolt \n<\/h3><div class=\"bde-text-106-152 bde-text\">\nUgyvezeto, Alapito\n<\/div><a class=\"bde-text-link-106-153 bde-text-link breakdance-link\" href=\"mailto:fogarassy.zsolt@markholz.ro\" target=\"_self\" data-type=\"url\">\n  fogarassy.zsolt@markholz.ro\n\n<\/a>\n<\/div><\/div>\n<\/div><div class=\"bde-column-106-131 bde-column\">\n  \n\t\n\n\n\n<div class=\"bde-columns-106-154 bde-columns\"><div class=\"bde-column-106-155 bde-column\">\n  \n\t\n\n\n\n<div class=\"bde-image-106-156 bde-image\">\n  \n\n\n\n\n\n<figure class=\"breakdance-image breakdance-image--\">\n\t<div class=\"breakdance-image-container\">\n\t\t<div class=\"breakdance-image-clip\">\n\t\t\t\n\t\t\t\t\n\t\t\t\t\t      \n  \n  \n  \n  \n      \n      <img loading=\"lazy\" decoding=\"async\"\n      class=\"breakdance-image-object\"\n      src=\"data:image\/svg+xml;charset=UTF-8,%3csvg xmlns='http:\/\/www.w3.org\/2000\/svg' width='540' height='540' viewBox='0 0 140 140'%3e%3cpath d='M0 0h140v140H0z' fill='%23e5e7eb'\/%3e%3cpath d='M88 82.46H51.8v-4.52l6.74-6.74a1.13 1.13 0 011.6 0l5.23 5.23 12.76-12.77a1.13 1.13 0 011.6 0L88 71.91z' fill='%23e5e7eb'\/%3e%3cpath d='M89.48 52.32H50.29a4.52 4.52 0 00-4.52 4.52V84a4.53 4.53 0 004.52 4.52h39.19A4.52 4.52 0 0094 84V56.84a4.52 4.52 0 00-4.52-4.52zm-33.16 5.27a5.28 5.28 0 11-5.27 5.28 5.27 5.27 0 015.27-5.28zM88 82.46H51.8v-4.52l6.74-6.74a1.13 1.13 0 011.6 0l5.23 5.23 12.76-12.77a1.13 1.13 0 011.6 0L88 71.91z' fill='%23d1d5db'\/%3e%3c\/svg%3e\"\n      width=\"540\"\n      height=\"540\"\n      \n      \n          >\n  \n\n\t\t\t\t\t\n\t\t\t\t\t\t<\/div>\n\t<\/div>\n\n\t<\/figure>\n\n<\/div>\n<\/div><div class=\"bde-column-106-157 bde-column\">\n  \n\t\n\n\n\n<h3 class=\"bde-heading-106-158 bde-heading\">\nFogarassy Zsolt \n<\/h3><div class=\"bde-text-106-159 bde-text\">\nUgyvezeto, Alapito\n<\/div><a class=\"bde-text-link-106-160 bde-text-link breakdance-link\" href=\"mailto:fogarassy.zsolt@markholz.ro\" target=\"_self\" data-type=\"url\">\n  fogarassy.zsolt@markholz.ro\n\n<\/a>\n<\/div><\/div>\n<\/div><\/div><\/div>\n<\/section>","protected":false},"excerpt":{"rendered":"<p>CONTACT Platforma de produc\u021bie: Peri\u0219 &#8211; com. Gorne\u0219ti, nr. 75, jud. Mure\u0219 Tel. secretariat: (+40) 736999099(+40) 773773742 E-mail:office@markholz.rosales@markholz.ro Urm\u0103ri\u021bi canalul nostru peYouTube CONTACT Platforma de produc\u021bie: Peri\u0219 &#8211; com. Gorne\u0219ti, nr. 75, jud. Mure\u0219 Tel. secretariat: (+40) 736999099(+40) 773773742 E-mail:office@markholz.rosales@markholz.ro Urm\u0103ri\u021bi canalul nostru peYouTube Nume* Num\u0103r telefon* Adres\u0103 de E-mail Tipul mesajului Select&#8230; Client final [&hellip;]<\/p>","protected":false},"author":1,"featured_media":0,"parent":0,"menu_order":0,"comment_status":"closed","ping_status":"closed","template":"","meta":{"_breakdance_hide_in_design_set":false,"_breakdance_tags":"","footnotes":""},"_links":{"self":[{"href":"https:\/\/mark.highsoft.ro\/hu\/wp-json\/wp\/v2\/pages\/106"}],"collection":[{"href":"https:\/\/mark.highsoft.ro\/hu\/wp-json\/wp\/v2\/pages"}],"about":[{"href":"https:\/\/mark.highsoft.ro\/hu\/wp-json\/wp\/v2\/types\/page"}],"author":[{"embeddable":true,"href":"https:\/\/mark.highsoft.ro\/hu\/wp-json\/wp\/v2\/users\/1"}],"replies":[{"embeddable":true,"href":"https:\/\/mark.highsoft.ro\/hu\/wp-json\/wp\/v2\/comments?post=106"}],"version-history":[{"count":18,"href":"https:\/\/mark.highsoft.ro\/hu\/wp-json\/wp\/v2\/pages\/106\/revisions"}],"predecessor-version":[{"id":266,"href":"https:\/\/mark.highsoft.ro\/hu\/wp-json\/wp\/v2\/pages\/106\/revisions\/266"}],"wp:attachment":[{"href":"https:\/\/mark.highsoft.ro\/hu\/wp-json\/wp\/v2\/media?parent=106"}],"curies":[{"name":"wp","href":"https:\/\/api.w.org\/{rel}","templated":true}]}}